{"id":20,"date":"2018-08-11T18:41:46","date_gmt":"2018-08-11T18:41:46","guid":{"rendered":"https:\/\/weingut-isler.de\/prototyp\/?page_id=20"},"modified":"2025-07-01T18:59:43","modified_gmt":"2025-07-01T16:59:43","slug":"weingut","status":"publish","type":"page","link":"https:\/\/www.weingut-isler.de\/?page_id=20","title":{"rendered":"WEINGUT"},"content":{"rendered":"\t\t<div data-elementor-type=\"wp-post\" data-elementor-id=\"20\" class=\"elementor elementor-20\" data-elementor-post-type=\"page\">\n\t\t\t\t\t\t<section class=\"elementor-section elementor-top-section elementor-element elementor-element-7f4c6d8 elementor-section-stretched elementor-section-full_width elementor-section-height-default elementor-section-height-default\" data-id=\"7f4c6d8\" data-element_type=\"section\" data-e-type=\"section\" data-settings=\"{&quot;stretch_section&quot;:&quot;section-stretched&quot;}\">\n\t\t\t\t\t\t<div class=\"elementor-container elementor-column-gap-default\">\n\t\t\t\t\t<div class=\"elementor-column elementor-col-100 elementor-top-column elementor-element elementor-element-5857dec\" data-id=\"5857dec\" data-element_type=\"column\" data-e-type=\"column\">\n\t\t\t<div class=\"elementor-widget-wrap elementor-element-populated\">\n\t\t\t\t\t\t<div class=\"elementor-element elementor-element-07e291d elementor--h-position-center elementor--v-position-middle elementor-widget elementor-widget-slides\" data-id=\"07e291d\" data-element_type=\"widget\" data-e-type=\"widget\" data-settings=\"{&quot;navigation&quot;:&quot;none&quot;,&quot;autoplay&quot;:&quot;yes&quot;,&quot;pause_on_hover&quot;:&quot;yes&quot;,&quot;pause_on_interaction&quot;:&quot;yes&quot;,&quot;autoplay_speed&quot;:5000,&quot;infinite&quot;:&quot;yes&quot;,&quot;transition&quot;:&quot;slide&quot;,&quot;transition_speed&quot;:500}\" data-widget_type=\"slides.default\">\n\t\t\t\t<div class=\"elementor-widget-container\">\n\t\t\t\t\t\t\t\t\t<div class=\"elementor-swiper\">\n\t\t\t\t\t<div class=\"elementor-slides-wrapper elementor-main-swiper swiper\" role=\"region\" aria-roledescription=\"carousel\" aria-label=\"Slider\" dir=\"ltr\" data-animation=\"fadeInUp\">\n\t\t\t\t<div class=\"swiper-wrapper elementor-slides\">\n\t\t\t\t\t\t\t\t\t\t<div class=\"elementor-repeater-item-1b9c0c7 swiper-slide\" role=\"group\" aria-roledescription=\"slide\"><div class=\"swiper-slide-bg\" role=\"img\" aria-label=\"SMB_213-2-Korrektur\"><\/div><div class=\"swiper-slide-inner\" ><div class=\"swiper-slide-contents\"><div class=\"elementor-slide-heading\">UNSER WEINGUT<\/div><div class=\"elementor-slide-description\">Seit \u00fcber 300 Jahren bauen wir in Neustadt-Diedesfeld Weine an<\/div><\/div><\/div><\/div>\t\t\t\t<\/div>\n\t\t\t\t\t\t\t<\/div>\n\t\t\t\t<\/div>\n\t\t\t\t\t\t\t\t<\/div>\n\t\t\t\t<\/div>\n\t\t\t\t\t<\/div>\n\t\t<\/div>\n\t\t\t\t\t<\/div>\n\t\t<\/section>\n\t\t\t\t<section class=\"elementor-section elementor-top-section elementor-element elementor-element-0c63428 elementor-section-boxed elementor-section-height-default elementor-section-height-default\" data-id=\"0c63428\" data-element_type=\"section\" data-e-type=\"section\">\n\t\t\t\t\t\t<div class=\"elementor-container elementor-column-gap-default\">\n\t\t\t\t\t<div class=\"elementor-column elementor-col-100 elementor-top-column elementor-element elementor-element-f79e8ca\" data-id=\"f79e8ca\" data-element_type=\"column\" data-e-type=\"column\">\n\t\t\t<div class=\"elementor-widget-wrap elementor-element-populated\">\n\t\t\t\t\t\t<div class=\"elementor-element elementor-element-87a34dd elementor-widget elementor-widget-heading\" data-id=\"87a34dd\" data-element_type=\"widget\" data-e-type=\"widget\" data-widget_type=\"heading.default\">\n\t\t\t\t<div class=\"elementor-widget-container\">\n\t\t\t\t\t<h2 class=\"elementor-heading-title elementor-size-default\">Familiengeschichte<\/h2>\t\t\t\t<\/div>\n\t\t\t\t<\/div>\n\t\t\t\t\t<\/div>\n\t\t<\/div>\n\t\t\t\t\t<\/div>\n\t\t<\/section>\n\t\t\t\t<section class=\"elementor-section elementor-top-section elementor-element elementor-element-7ec514d elementor-section-boxed elementor-section-height-default elementor-section-height-default\" data-id=\"7ec514d\" data-element_type=\"section\" data-e-type=\"section\">\n\t\t\t\t\t\t<div class=\"elementor-container elementor-column-gap-default\">\n\t\t\t\t\t<div class=\"elementor-column elementor-col-100 elementor-top-column elementor-element elementor-element-05dd9c4\" data-id=\"05dd9c4\" data-element_type=\"column\" data-e-type=\"column\">\n\t\t\t<div class=\"elementor-widget-wrap elementor-element-populated\">\n\t\t\t\t\t\t<div class=\"elementor-element elementor-element-84900bf elementor-widget elementor-widget-text-editor\" data-id=\"84900bf\" data-element_type=\"widget\" data-e-type=\"widget\" data-widget_type=\"text-editor.default\">\n\t\t\t\t<div class=\"elementor-widget-container\">\n\t\t\t\t\t\t\t\t\t<p>Familie Isler betreibt seit dem Jahr 1700 &#8211; derzeit in der 10. und. 11. Generation &#8211; ihr Weingut in Neustadt an der Weinstra\u00dfe. \u00dcbernommen hat es der jetzige Betriebsleiter Helmut Isler von dessen Vater Kurt Isler. F\u00fcr seine besonderen Verdienste als Pr\u00e4sident des Pf\u00e4lzischen Weinbauverbandes bekam Kurt Isler den Ehren-Titel \u201e\u00d6konomierat\u201c verliehen.<\/p><p>Mit dem Einstieg von Sohn Alexander und Tochter Carolin intensivierte die Familie in den Ausbau und die Vermarktung ihrer eigenen Erzeugnisse. Insgesamt werden nunmehr 14 Hektar Rebanlagen bewirtschaftet. Die erstklassigen Weine werden nach h\u00f6chsten Qualit\u00e4tsanspr\u00fcchen und neuster Produktionstechnik erzeugt.<\/p><p>Seit dem Jahr 2014 wird am s\u00fcdlichen Ortseingang von Diedesfeld inmitten der Rebenlandschaft mit grandioser Aussicht, eine moderne Vinothek gef\u00fchrt, die von Weinfreunden aus Nah und Fern sehr gerne besucht wird.<\/p>\t\t\t\t\t\t\t\t<\/div>\n\t\t\t\t<\/div>\n\t\t\t\t\t<\/div>\n\t\t<\/div>\n\t\t\t\t\t<\/div>\n\t\t<\/section>\n\t\t\t\t<section class=\"elementor-section elementor-top-section elementor-element elementor-element-90f289a elementor-section-boxed elementor-section-height-default elementor-section-height-default\" data-id=\"90f289a\" data-element_type=\"section\" data-e-type=\"section\">\n\t\t\t\t\t\t<div class=\"elementor-container elementor-column-gap-default\">\n\t\t\t\t\t<div class=\"elementor-column elementor-col-100 elementor-top-column elementor-element elementor-element-e580df3\" data-id=\"e580df3\" data-element_type=\"column\" data-e-type=\"column\">\n\t\t\t<div class=\"elementor-widget-wrap elementor-element-populated\">\n\t\t\t\t\t\t<div class=\"elementor-element elementor-element-e7dc8d1 elementor-widget-divider--view-line elementor-widget elementor-widget-divider\" data-id=\"e7dc8d1\" data-element_type=\"widget\" data-e-type=\"widget\" data-widget_type=\"divider.default\">\n\t\t\t\t<div class=\"elementor-widget-container\">\n\t\t\t\t\t\t\t<div class=\"elementor-divider\">\n\t\t\t<span class=\"elementor-divider-separator\">\n\t\t\t\t\t\t<\/span>\n\t\t<\/div>\n\t\t\t\t\t\t<\/div>\n\t\t\t\t<\/div>\n\t\t\t\t\t<\/div>\n\t\t<\/div>\n\t\t\t\t\t<\/div>\n\t\t<\/section>\n\t\t\t\t<section class=\"elementor-section elementor-top-section elementor-element elementor-element-9e3ab8e elementor-section-boxed elementor-section-height-default elementor-section-height-default\" data-id=\"9e3ab8e\" data-element_type=\"section\" data-e-type=\"section\">\n\t\t\t\t\t\t<div class=\"elementor-container elementor-column-gap-default\">\n\t\t\t\t\t<div class=\"elementor-column elementor-col-100 elementor-top-column elementor-element elementor-element-35456fb\" data-id=\"35456fb\" data-element_type=\"column\" data-e-type=\"column\">\n\t\t\t<div class=\"elementor-widget-wrap elementor-element-populated\">\n\t\t\t\t\t\t<div class=\"elementor-element elementor-element-d5a9e27 elementor-widget elementor-widget-heading\" data-id=\"d5a9e27\" data-element_type=\"widget\" data-e-type=\"widget\" data-widget_type=\"heading.default\">\n\t\t\t\t<div class=\"elementor-widget-container\">\n\t\t\t\t\t<h2 class=\"elementor-heading-title elementor-size-default\">DAS SIND WIR<\/h2>\t\t\t\t<\/div>\n\t\t\t\t<\/div>\n\t\t\t\t\t<\/div>\n\t\t<\/div>\n\t\t\t\t\t<\/div>\n\t\t<\/section>\n\t\t\t\t<section class=\"elementor-section elementor-top-section elementor-element elementor-element-e6d9ae4 elementor-section-boxed elementor-section-height-default elementor-section-height-default\" data-id=\"e6d9ae4\" data-element_type=\"section\" data-e-type=\"section\">\n\t\t\t\t\t\t<div class=\"elementor-container elementor-column-gap-default\">\n\t\t\t\t\t<div class=\"elementor-column elementor-col-33 elementor-top-column elementor-element elementor-element-a7f7e51\" data-id=\"a7f7e51\" data-element_type=\"column\" data-e-type=\"column\">\n\t\t\t<div class=\"elementor-widget-wrap elementor-element-populated\">\n\t\t\t\t\t\t<div class=\"elementor-element elementor-element-c0cfc61 elementor-position-top elementor-widget elementor-widget-image-box\" data-id=\"c0cfc61\" data-element_type=\"widget\" data-e-type=\"widget\" data-widget_type=\"image-box.default\">\n\t\t\t\t<div class=\"elementor-widget-container\">\n\t\t\t\t\t<div class=\"elementor-image-box-wrapper\"><figure class=\"elementor-image-box-img\"><img decoding=\"async\" src=\"https:\/\/www.weingut-isler.de\/wp-content\/uploads\/elementor\/thumbs\/SMB_528-1-scaled-owdc42d985lbeg1kn0xi2dvtzwqmdyqfbu1vqp9uhs.jpg\" title=\"SMB_528-1\" alt=\"SMB_528-1\" loading=\"lazy\" \/><\/figure><div class=\"elementor-image-box-content\"><h3 class=\"elementor-image-box-title\">Alexander Isler<\/h3><\/div><\/div>\t\t\t\t<\/div>\n\t\t\t\t<\/div>\n\t\t\t\t<div class=\"elementor-element elementor-element-3d6250b elementor-widget elementor-widget-text-editor\" data-id=\"3d6250b\" data-element_type=\"widget\" data-e-type=\"widget\" data-widget_type=\"text-editor.default\">\n\t\t\t\t<div class=\"elementor-widget-container\">\n\t\t\t\t\t\t\t\t\t<p>Alexander hat mit seiner Ausbildung zum Winzer und den Weiterbildungen zum Wirtschafter f\u00fcr Weinbau und Kellerwirtschaft, beziehungsweise Weinbautechniker den Grundstein f\u00fcr die Fortf\u00fchrung des Familienbetriebs in der 11. Generation gelegt. Seitdem arbeitet er im elterlichen Weingut und ist verantwortlich f\u00fcr den Kellerbetrieb, die Bewirtschaftung der Weinberge, sowie die Maschinen- und Feldarbeit. Seine Freizeit verbringt er gerne auf der Jagd oder als passionierter &#8222;Autobastler&#8220;. Aber am liebsten ist er nat\u00fcrlich bei seiner Familie &#8211; Frau Anna und den beiden gemeinsamen T\u00f6chtern Victoria und Charlotte.&nbsp;<\/p>\t\t\t\t\t\t\t\t<\/div>\n\t\t\t\t<\/div>\n\t\t\t\t\t<\/div>\n\t\t<\/div>\n\t\t\t\t<div class=\"elementor-column elementor-col-33 elementor-top-column elementor-element elementor-element-93260dc\" data-id=\"93260dc\" data-element_type=\"column\" data-e-type=\"column\">\n\t\t\t<div class=\"elementor-widget-wrap elementor-element-populated\">\n\t\t\t\t\t\t<div class=\"elementor-element elementor-element-00acdac elementor-position-top elementor-widget elementor-widget-image-box\" data-id=\"00acdac\" data-element_type=\"widget\" data-e-type=\"widget\" data-widget_type=\"image-box.default\">\n\t\t\t\t<div class=\"elementor-widget-container\">\n\t\t\t\t\t<div class=\"elementor-image-box-wrapper\"><figure class=\"elementor-image-box-img\"><img decoding=\"async\" src=\"https:\/\/www.weingut-isler.de\/wp-content\/uploads\/elementor\/thumbs\/SMB_372-2-scaled-owbnzczvyo9vreebztj4b5387oakny081jh4z4wi3k.jpg\" title=\"SMB_372-2\" alt=\"SMB_372-2\" loading=\"lazy\" \/><\/figure><div class=\"elementor-image-box-content\"><h3 class=\"elementor-image-box-title\">Carolin Isler<\/h3><\/div><\/div>\t\t\t\t<\/div>\n\t\t\t\t<\/div>\n\t\t\t\t<div class=\"elementor-element elementor-element-edd8f30 elementor-widget elementor-widget-text-editor\" data-id=\"edd8f30\" data-element_type=\"widget\" data-e-type=\"widget\" data-widget_type=\"text-editor.default\">\n\t\t\t\t<div class=\"elementor-widget-container\">\n\t\t\t\t\t\t\t\t\t<p style=\"text-align: left;\">Im Familienbetrieb ist Carolin verantwortlich f\u00fcr den Vertrieb und das Management der Vinothek, in der sie mit ihrem sonnigen Gem\u00fct stets gute Laune verbreitet. Nach ihrer Ausbildung zur Gro\u00df- und Au\u00dfenhandelskauffrau hat sie zun\u00e4chst ein paar Jahre Berufserfahrung gesammelt, um 2014 im elterlichen Weingut einzusteigen. Die Ausbildungen zur anerkannten Beraterin f\u00fcr deutschen Wein, Assistant Sommelier und professionellen Weinprobenleiter machen sie zu einer kompetenten Ansprechpartnerin f\u00fcr alle Fragen rund um das Thema Wein. Auch f\u00fcr Tennis und Reiten hegt sie in ihrer Freizeit eine gro\u00dfe Leidenschaft.\u00a0<\/p>\t\t\t\t\t\t\t\t<\/div>\n\t\t\t\t<\/div>\n\t\t\t\t\t<\/div>\n\t\t<\/div>\n\t\t\t\t<div class=\"elementor-column elementor-col-33 elementor-top-column elementor-element elementor-element-947d14d\" data-id=\"947d14d\" data-element_type=\"column\" data-e-type=\"column\">\n\t\t\t<div class=\"elementor-widget-wrap elementor-element-populated\">\n\t\t\t\t\t\t<div class=\"elementor-element elementor-element-629cf01 elementor-position-top elementor-widget elementor-widget-image-box\" data-id=\"629cf01\" data-element_type=\"widget\" data-e-type=\"widget\" data-widget_type=\"image-box.default\">\n\t\t\t\t<div class=\"elementor-widget-container\">\n\t\t\t\t\t<div class=\"elementor-image-box-wrapper\"><figure class=\"elementor-image-box-img\"><img decoding=\"async\" src=\"https:\/\/www.weingut-isler.de\/wp-content\/uploads\/elementor\/thumbs\/SMB_576-2-scaled-owdbvy1g6oh53pu720kj0xnh92rgw3hwjn5vhnba8w.jpg\" title=\"SMB_576-2\" alt=\"SMB_576-2\" loading=\"lazy\" \/><\/figure><div class=\"elementor-image-box-content\"><h3 class=\"elementor-image-box-title\">Helmut Isler<\/h3><\/div><\/div>\t\t\t\t<\/div>\n\t\t\t\t<\/div>\n\t\t\t\t<div class=\"elementor-element elementor-element-71d4a73 elementor-widget elementor-widget-text-editor\" data-id=\"71d4a73\" data-element_type=\"widget\" data-e-type=\"widget\" data-widget_type=\"text-editor.default\">\n\t\t\t\t<div class=\"elementor-widget-container\">\n\t\t\t\t\t\t\t\t\t<p>Er ist das stolze Familienoberhaupt und \u00fcbernahm das Weingut in der 10. Generation. Helmut ist seine Begeisterung f\u00fcr die Arbeit des Winzers in der freien Natur und den Einsatz von Maschinen mit st\u00e4ndig verbesserten Techniken f\u00f6rmlich anzumerken. Stillstand kommt f\u00fcr ihn nicht in Frage &#8211; deswegen erfreut es ihn umso mehr, dass er 2014 seinen lang gehegten Traum einer modernen Vinothek am Ortseingang von Diedesfeld verwirklichen konnte. Gemeinsam mit seiner Frau Christel hat er drei wunderbare Kinder, die das Weingut in ihrem Sinne weiterf\u00fchren und damit ihre eigene Zukunft im Familienbetrieb schreiben.<\/p>\t\t\t\t\t\t\t\t<\/div>\n\t\t\t\t<\/div>\n\t\t\t\t\t<\/div>\n\t\t<\/div>\n\t\t\t\t\t<\/div>\n\t\t<\/section>\n\t\t\t\t<section class=\"elementor-section elementor-top-section elementor-element elementor-element-0528635 elementor-section-boxed elementor-section-height-default elementor-section-height-default\" data-id=\"0528635\" data-element_type=\"section\" data-e-type=\"section\">\n\t\t\t\t\t\t<div class=\"elementor-container elementor-column-gap-default\">\n\t\t\t\t\t<div class=\"elementor-column elementor-col-100 elementor-top-column elementor-element elementor-element-d3891bd\" data-id=\"d3891bd\" data-element_type=\"column\" data-e-type=\"column\">\n\t\t\t<div class=\"elementor-widget-wrap elementor-element-populated\">\n\t\t\t\t\t\t<div class=\"elementor-element elementor-element-5ac4930 elementor-widget-divider--view-line elementor-widget elementor-widget-divider\" data-id=\"5ac4930\" data-element_type=\"widget\" data-e-type=\"widget\" data-widget_type=\"divider.default\">\n\t\t\t\t<div class=\"elementor-widget-container\">\n\t\t\t\t\t\t\t<div class=\"elementor-divider\">\n\t\t\t<span class=\"elementor-divider-separator\">\n\t\t\t\t\t\t<\/span>\n\t\t<\/div>\n\t\t\t\t\t\t<\/div>\n\t\t\t\t<\/div>\n\t\t\t\t\t<\/div>\n\t\t<\/div>\n\t\t\t\t\t<\/div>\n\t\t<\/section>\n\t\t\t\t<section class=\"elementor-section elementor-top-section elementor-element elementor-element-80bc980 elementor-section-boxed elementor-section-height-default elementor-section-height-default\" data-id=\"80bc980\" data-element_type=\"section\" data-e-type=\"section\">\n\t\t\t\t\t\t<div class=\"elementor-container elementor-column-gap-default\">\n\t\t\t\t\t<div class=\"elementor-column elementor-col-100 elementor-top-column elementor-element elementor-element-10ad447\" data-id=\"10ad447\" data-element_type=\"column\" data-e-type=\"column\">\n\t\t\t<div class=\"elementor-widget-wrap elementor-element-populated\">\n\t\t\t\t\t\t<div class=\"elementor-element elementor-element-916e84f elementor-widget elementor-widget-image\" data-id=\"916e84f\" data-element_type=\"widget\" data-e-type=\"widget\" data-widget_type=\"image.default\">\n\t\t\t\t<div class=\"elementor-widget-container\">\n\t\t\t\t\t\t\t\t\t\t\t\t\t\t\t<img fetchpriority=\"high\" decoding=\"async\" width=\"524\" height=\"762\" src=\"https:\/\/www.weingut-isler.de\/wp-content\/uploads\/2025\/07\/Foerderung-Homepage-neu.jpg\" class=\"attachment-large size-large wp-image-11311\" alt=\"\" srcset=\"https:\/\/www.weingut-isler.de\/wp-content\/uploads\/2025\/07\/Foerderung-Homepage-neu.jpg 524w, https:\/\/www.weingut-isler.de\/wp-content\/uploads\/2025\/07\/Foerderung-Homepage-neu-206x300.jpg 206w, https:\/\/www.weingut-isler.de\/wp-content\/uploads\/2025\/07\/Foerderung-Homepage-neu-416x605.jpg 416w\" sizes=\"(max-width: 524px) 100vw, 524px\" \/>\t\t\t\t\t\t\t\t\t\t\t\t\t\t\t<\/div>\n\t\t\t\t<\/div>\n\t\t\t\t\t<\/div>\n\t\t<\/div>\n\t\t\t\t\t<\/div>\n\t\t<\/section>\n\t\t\t\t<\/div>\n\t\t","protected":false},"excerpt":{"rendered":"<p>UNSER WEINGUTSeit \u00fcber 300 Jahren bauen wir in Neustadt-Diedesfeld Weine an Familiengeschichte Familie Isler betreibt seit dem Jahr 1700 &#8211; derzeit in der 10. und. 11. Generation &#8211; ihr Weingut in Neustadt an der Weinstra\u00dfe. \u00dcbernommen hat es der jetzige Betriebsleiter Helmut Isler von dessen Vater Kurt Isler. F\u00fcr seine besonderen Verdienste als Pr\u00e4sident des [&hellip;]<\/p>\n","protected":false},"author":1,"featured_media":0,"parent":43,"menu_order":0,"comment_status":"closed","ping_status":"closed","template":"elementor_header_footer","meta":{"footnotes":""},"class_list":["post-20","page","type-page","status-publish","hentry"],"_links":{"self":[{"href":"https:\/\/www.weingut-isler.de\/index.php?rest_route=\/wp\/v2\/pages\/20","targetHints":{"allow":["GET"]}}],"collection":[{"href":"https:\/\/www.weingut-isler.de\/index.php?rest_route=\/wp\/v2\/pages"}],"about":[{"href":"https:\/\/www.weingut-isler.de\/index.php?rest_route=\/wp\/v2\/types\/page"}],"author":[{"embeddable":true,"href":"https:\/\/www.weingut-isler.de\/index.php?rest_route=\/wp\/v2\/users\/1"}],"replies":[{"embeddable":true,"href":"https:\/\/www.weingut-isler.de\/index.php?rest_route=%2Fwp%2Fv2%2Fcomments&post=20"}],"version-history":[{"count":71,"href":"https:\/\/www.weingut-isler.de\/index.php?rest_route=\/wp\/v2\/pages\/20\/revisions"}],"predecessor-version":[{"id":11314,"href":"https:\/\/www.weingut-isler.de\/index.php?rest_route=\/wp\/v2\/pages\/20\/revisions\/11314"}],"up":[{"embeddable":true,"href":"https:\/\/www.weingut-isler.de\/index.php?rest_route=\/wp\/v2\/pages\/43"}],"wp:attachment":[{"href":"https:\/\/www.weingut-isler.de\/index.php?rest_route=%2Fwp%2Fv2%2Fmedia&parent=20"}],"curies":[{"name":"wp","href":"https:\/\/api.w.org\/{rel}","templated":true}]}}