{"id":4877,"date":"2021-11-10T09:38:39","date_gmt":"2021-11-10T08:38:39","guid":{"rendered":"https:\/\/www.weingut-isler.de\/?page_id=4877"},"modified":"2021-11-10T09:49:38","modified_gmt":"2021-11-10T08:49:38","slug":"newsletter","status":"publish","type":"page","link":"https:\/\/www.weingut-isler.de\/?page_id=4877","title":{"rendered":"Newsletter"},"content":{"rendered":"\t\t<div data-elementor-type=\"wp-page\" data-elementor-id=\"4877\" class=\"elementor elementor-4877\" data-elementor-post-type=\"page\">\n\t\t\t\t\t\t<section class=\"elementor-section elementor-top-section elementor-element elementor-element-c4ead5b elementor-section-boxed elementor-section-height-default elementor-section-height-default\" data-id=\"c4ead5b\" data-element_type=\"section\" data-e-type=\"section\">\n\t\t\t\t\t\t<div class=\"elementor-container elementor-column-gap-default\">\n\t\t\t\t\t<div class=\"elementor-column elementor-col-100 elementor-top-column elementor-element elementor-element-b69a7f8\" data-id=\"b69a7f8\" data-element_type=\"column\" data-e-type=\"column\">\n\t\t\t<div class=\"elementor-widget-wrap\">\n\t\t\t\t\t\t\t<\/div>\n\t\t<\/div>\n\t\t\t\t\t<\/div>\n\t\t<\/section>\n\t\t\t\t<section class=\"elementor-section elementor-top-section elementor-element elementor-element-1e0b84d elementor-section-boxed elementor-section-height-default elementor-section-height-default\" data-id=\"1e0b84d\" data-element_type=\"section\" data-e-type=\"section\">\n\t\t\t\t\t\t<div class=\"elementor-container elementor-column-gap-default\">\n\t\t\t\t\t<div class=\"elementor-column elementor-col-100 elementor-top-column elementor-element elementor-element-2af5590\" data-id=\"2af5590\" data-element_type=\"column\" data-e-type=\"column\">\n\t\t\t<div class=\"elementor-widget-wrap elementor-element-populated\">\n\t\t\t\t\t\t<div class=\"elementor-element elementor-element-b8ada71 elementor-grid-3 elementor-grid-tablet-2 elementor-grid-mobile-1 elementor-posts--thumbnail-top elementor-widget elementor-widget-posts\" data-id=\"b8ada71\" data-element_type=\"widget\" data-e-type=\"widget\" data-settings=\"{&quot;classic_columns&quot;:&quot;3&quot;,&quot;classic_columns_tablet&quot;:&quot;2&quot;,&quot;classic_columns_mobile&quot;:&quot;1&quot;,&quot;classic_row_gap&quot;:{&quot;unit&quot;:&quot;px&quot;,&quot;size&quot;:35,&quot;sizes&quot;:[]},&quot;classic_row_gap_tablet&quot;:{&quot;unit&quot;:&quot;px&quot;,&quot;size&quot;:&quot;&quot;,&quot;sizes&quot;:[]},&quot;classic_row_gap_mobile&quot;:{&quot;unit&quot;:&quot;px&quot;,&quot;size&quot;:&quot;&quot;,&quot;sizes&quot;:[]}}\" data-widget_type=\"posts.classic\">\n\t\t\t\t<div class=\"elementor-widget-container\">\n\t\t\t\t\t\t\t<div class=\"elementor-posts-container elementor-posts elementor-posts--skin-classic elementor-grid\" role=\"list\">\n\t\t\t\t<article class=\"elementor-post elementor-grid-item post-12593 post type-post status-publish format-standard has-post-thumbnail hentry category-newsletter\" role=\"listitem\">\n\t\t\t\t<a class=\"elementor-post__thumbnail__link\" href=\"https:\/\/www.weingut-isler.de\/?p=12593\" tabindex=\"-1\" >\n\t\t\t<div class=\"elementor-post__thumbnail\"><img fetchpriority=\"high\" decoding=\"async\" width=\"225\" height=\"300\" src=\"https:\/\/www.weingut-isler.de\/wp-content\/uploads\/2026\/05\/Abfuellung_2026-225x300.jpg\" class=\"attachment-medium size-medium wp-image-12627\" alt=\"\" srcset=\"https:\/\/www.weingut-isler.de\/wp-content\/uploads\/2026\/05\/Abfuellung_2026-225x300.jpg 225w, https:\/\/www.weingut-isler.de\/wp-content\/uploads\/2026\/05\/Abfuellung_2026-768x1024.jpg 768w, https:\/\/www.weingut-isler.de\/wp-content\/uploads\/2026\/05\/Abfuellung_2026-1152x1536.jpg 1152w, https:\/\/www.weingut-isler.de\/wp-content\/uploads\/2026\/05\/Abfuellung_2026-1536x2048.jpg 1536w, https:\/\/www.weingut-isler.de\/wp-content\/uploads\/2026\/05\/Abfuellung_2026-416x555.jpg 416w, https:\/\/www.weingut-isler.de\/wp-content\/uploads\/2026\/05\/Abfuellung_2026-scaled.jpg 1920w\" sizes=\"(max-width: 225px) 100vw, 225px\" \/><\/div>\n\t\t<\/a>\n\t\t\t\t<div class=\"elementor-post__text\">\n\t\t\t\t<h3 class=\"elementor-post__title\">\n\t\t\t<a href=\"https:\/\/www.weingut-isler.de\/?p=12593\" >\n\t\t\t\tNewsletter Mai 2026\t\t\t<\/a>\n\t\t<\/h3>\n\t\t\t\t<div class=\"elementor-post__meta-data\">\n\t\t\t\t\t<span class=\"elementor-post-date\">\n\t\t\t4. Mai 2026\t\t<\/span>\n\t\t\t\t<span class=\"elementor-post-avatar\">\n\t\t\tKeine Kommentare\t\t<\/span>\n\t\t\t\t<\/div>\n\t\t\t\t<div class=\"elementor-post__excerpt\">\n\t\t\t<p>Fr\u00fchling im Weingut Neues aus dem Weinberg &amp; der Vinothek \u00a0 Der Fr\u00fchling ist da \u2013 und mit ihm eine der\u00a0 sch\u00f6nsten Zeiten im Weinberg.<\/p>\n\t\t<\/div>\n\t\t\n\t\t<a class=\"elementor-post__read-more\" href=\"https:\/\/www.weingut-isler.de\/?p=12593\" aria-label=\"Mehr \u00fcber Newsletter Mai 2026\" tabindex=\"-1\" >\n\t\t\tWeiterlesen \u00bb\t\t<\/a>\n\n\t\t\t\t<\/div>\n\t\t\t\t<\/article>\n\t\t\t\t<article class=\"elementor-post elementor-grid-item post-11816 post type-post status-publish format-standard has-post-thumbnail hentry category-newsletter\" role=\"listitem\">\n\t\t\t\t<a class=\"elementor-post__thumbnail__link\" href=\"https:\/\/www.weingut-isler.de\/?p=11816\" tabindex=\"-1\" >\n\t\t\t<div class=\"elementor-post__thumbnail\"><img decoding=\"async\" width=\"300\" height=\"169\" src=\"https:\/\/www.weingut-isler.de\/wp-content\/uploads\/2025\/11\/IMG_5423-300x169.jpeg\" class=\"attachment-medium size-medium wp-image-11823\" alt=\"\" srcset=\"https:\/\/www.weingut-isler.de\/wp-content\/uploads\/2025\/11\/IMG_5423-300x169.jpeg 300w, https:\/\/www.weingut-isler.de\/wp-content\/uploads\/2025\/11\/IMG_5423-1024x576.jpeg 1024w, https:\/\/www.weingut-isler.de\/wp-content\/uploads\/2025\/11\/IMG_5423-768x432.jpeg 768w, https:\/\/www.weingut-isler.de\/wp-content\/uploads\/2025\/11\/IMG_5423-1536x864.jpeg 1536w, https:\/\/www.weingut-isler.de\/wp-content\/uploads\/2025\/11\/IMG_5423-2048x1152.jpeg 2048w, https:\/\/www.weingut-isler.de\/wp-content\/uploads\/2025\/11\/IMG_5423-416x234.jpeg 416w\" sizes=\"(max-width: 300px) 100vw, 300px\" \/><\/div>\n\t\t<\/a>\n\t\t\t\t<div class=\"elementor-post__text\">\n\t\t\t\t<h3 class=\"elementor-post__title\">\n\t\t\t<a href=\"https:\/\/www.weingut-isler.de\/?p=11816\" >\n\t\t\t\tNewsletter November 2025\t\t\t<\/a>\n\t\t<\/h3>\n\t\t\t\t<div class=\"elementor-post__meta-data\">\n\t\t\t\t\t<span class=\"elementor-post-date\">\n\t\t\t16. November 2025\t\t<\/span>\n\t\t\t\t<span class=\"elementor-post-avatar\">\n\t\t\tKeine Kommentare\t\t<\/span>\n\t\t\t\t<\/div>\n\t\t\t\t<div class=\"elementor-post__excerpt\">\n\t\t\t<p>Lieber Weinfreund, bereits im September konnten wir die Ernte in hervorragender Qualit\u00e4t einbringen.Die wechselhafte Witterung des Sommers mit W\u00e4rme und Regen hat das Wachstum und<\/p>\n\t\t<\/div>\n\t\t\n\t\t<a class=\"elementor-post__read-more\" href=\"https:\/\/www.weingut-isler.de\/?p=11816\" aria-label=\"Mehr \u00fcber Newsletter November 2025\" tabindex=\"-1\" >\n\t\t\tWeiterlesen \u00bb\t\t<\/a>\n\n\t\t\t\t<\/div>\n\t\t\t\t<\/article>\n\t\t\t\t<article class=\"elementor-post elementor-grid-item post-9911 post type-post status-publish format-standard has-post-thumbnail hentry category-newsletter\" role=\"listitem\">\n\t\t\t\t<a class=\"elementor-post__thumbnail__link\" href=\"https:\/\/www.weingut-isler.de\/?p=9911\" tabindex=\"-1\" >\n\t\t\t<div class=\"elementor-post__thumbnail\"><img decoding=\"async\" width=\"300\" height=\"209\" src=\"https:\/\/www.weingut-isler.de\/wp-content\/uploads\/2024\/11\/Teamfoto-2024-300x209.jpg\" class=\"attachment-medium size-medium wp-image-9986\" alt=\"\" srcset=\"https:\/\/www.weingut-isler.de\/wp-content\/uploads\/2024\/11\/Teamfoto-2024-300x209.jpg 300w, https:\/\/www.weingut-isler.de\/wp-content\/uploads\/2024\/11\/Teamfoto-2024-1024x712.jpg 1024w, https:\/\/www.weingut-isler.de\/wp-content\/uploads\/2024\/11\/Teamfoto-2024-768x534.jpg 768w, https:\/\/www.weingut-isler.de\/wp-content\/uploads\/2024\/11\/Teamfoto-2024-1536x1068.jpg 1536w, https:\/\/www.weingut-isler.de\/wp-content\/uploads\/2024\/11\/Teamfoto-2024-2048x1424.jpg 2048w, https:\/\/www.weingut-isler.de\/wp-content\/uploads\/2024\/11\/Teamfoto-2024-416x289.jpg 416w\" sizes=\"(max-width: 300px) 100vw, 300px\" \/><\/div>\n\t\t<\/a>\n\t\t\t\t<div class=\"elementor-post__text\">\n\t\t\t\t<h3 class=\"elementor-post__title\">\n\t\t\t<a href=\"https:\/\/www.weingut-isler.de\/?p=9911\" >\n\t\t\t\tNewsletter November 2024\t\t\t<\/a>\n\t\t<\/h3>\n\t\t\t\t<div class=\"elementor-post__meta-data\">\n\t\t\t\t\t<span class=\"elementor-post-date\">\n\t\t\t12. November 2024\t\t<\/span>\n\t\t\t\t<span class=\"elementor-post-avatar\">\n\t\t\tKeine Kommentare\t\t<\/span>\n\t\t\t\t<\/div>\n\t\t\t\t<div class=\"elementor-post__excerpt\">\n\t\t\t<p>Lieber Weinfreund, Ende September konnten wir die Ernte unserer Weintrauben erfolgreich und zufriedenstellend beenden. In diesem Jahr herrschten sehr abwechslungsreiche Wetterverh\u00e4ltnisse, die f\u00fcr das Wachstum<\/p>\n\t\t<\/div>\n\t\t\n\t\t<a class=\"elementor-post__read-more\" href=\"https:\/\/www.weingut-isler.de\/?p=9911\" aria-label=\"Mehr \u00fcber Newsletter November 2024\" tabindex=\"-1\" >\n\t\t\tWeiterlesen \u00bb\t\t<\/a>\n\n\t\t\t\t<\/div>\n\t\t\t\t<\/article>\n\t\t\t\t<article class=\"elementor-post elementor-grid-item post-8335 post type-post status-publish format-standard has-post-thumbnail hentry category-newsletter\" role=\"listitem\">\n\t\t\t\t<a class=\"elementor-post__thumbnail__link\" href=\"https:\/\/www.weingut-isler.de\/?p=8335\" tabindex=\"-1\" >\n\t\t\t<div class=\"elementor-post__thumbnail\"><img loading=\"lazy\" decoding=\"async\" width=\"147\" height=\"300\" src=\"https:\/\/www.weingut-isler.de\/wp-content\/uploads\/2023\/11\/IMG_3784-neu-neu-147x300.jpg\" class=\"attachment-medium size-medium wp-image-8385\" alt=\"\" srcset=\"https:\/\/www.weingut-isler.de\/wp-content\/uploads\/2023\/11\/IMG_3784-neu-neu-147x300.jpg 147w, https:\/\/www.weingut-isler.de\/wp-content\/uploads\/2023\/11\/IMG_3784-neu-neu-502x1024.jpg 502w, https:\/\/www.weingut-isler.de\/wp-content\/uploads\/2023\/11\/IMG_3784-neu-neu-768x1568.jpg 768w, https:\/\/www.weingut-isler.de\/wp-content\/uploads\/2023\/11\/IMG_3784-neu-neu-752x1536.jpg 752w, https:\/\/www.weingut-isler.de\/wp-content\/uploads\/2023\/11\/IMG_3784-neu-neu-1003x2048.jpg 1003w, https:\/\/www.weingut-isler.de\/wp-content\/uploads\/2023\/11\/IMG_3784-neu-neu-416x849.jpg 416w, https:\/\/www.weingut-isler.de\/wp-content\/uploads\/2023\/11\/IMG_3784-neu-neu-scaled.jpg 1254w\" sizes=\"(max-width: 147px) 100vw, 147px\" \/><\/div>\n\t\t<\/a>\n\t\t\t\t<div class=\"elementor-post__text\">\n\t\t\t\t<h3 class=\"elementor-post__title\">\n\t\t\t<a href=\"https:\/\/www.weingut-isler.de\/?p=8335\" >\n\t\t\t\tNewsletter November 2023 &#8211; Weingut \u00d6konomierat Isler\t\t\t<\/a>\n\t\t<\/h3>\n\t\t\t\t<div class=\"elementor-post__meta-data\">\n\t\t\t\t\t<span class=\"elementor-post-date\">\n\t\t\t24. November 2023\t\t<\/span>\n\t\t\t\t<span class=\"elementor-post-avatar\">\n\t\t\tKeine Kommentare\t\t<\/span>\n\t\t\t\t<\/div>\n\t\t\t\t<div class=\"elementor-post__excerpt\">\n\t\t\t<p>Newsletter November 2023 Lieber Weinfreund, in diesem Jahr entwickelten sich unsere Weinreben\u00a0dank\u00a0eines\u00a0milden Winters und warmen Fr\u00fchjahrs bei idealen Bedingungen.\u00a0 Nach hei\u00dfen trockenen Sommermonaten\u00a0folgte schlie\u00dflich noch<\/p>\n\t\t<\/div>\n\t\t\n\t\t<a class=\"elementor-post__read-more\" href=\"https:\/\/www.weingut-isler.de\/?p=8335\" aria-label=\"Mehr \u00fcber Newsletter November 2023 &#8211; Weingut \u00d6konomierat Isler\" tabindex=\"-1\" >\n\t\t\tWeiterlesen \u00bb\t\t<\/a>\n\n\t\t\t\t<\/div>\n\t\t\t\t<\/article>\n\t\t\t\t<article class=\"elementor-post elementor-grid-item post-6914 post type-post status-publish format-standard has-post-thumbnail hentry category-newsletter\" role=\"listitem\">\n\t\t\t\t<a class=\"elementor-post__thumbnail__link\" href=\"https:\/\/www.weingut-isler.de\/?p=6914\" tabindex=\"-1\" >\n\t\t\t<div class=\"elementor-post__thumbnail\"><img loading=\"lazy\" decoding=\"async\" width=\"230\" height=\"300\" src=\"https:\/\/www.weingut-isler.de\/wp-content\/uploads\/2022\/11\/Newsletter-20-230x300.jpg\" class=\"attachment-medium size-medium wp-image-6919\" alt=\"\" srcset=\"https:\/\/www.weingut-isler.de\/wp-content\/uploads\/2022\/11\/Newsletter-20-230x300.jpg 230w, https:\/\/www.weingut-isler.de\/wp-content\/uploads\/2022\/11\/Newsletter-20-785x1024.jpg 785w, https:\/\/www.weingut-isler.de\/wp-content\/uploads\/2022\/11\/Newsletter-20-768x1002.jpg 768w, https:\/\/www.weingut-isler.de\/wp-content\/uploads\/2022\/11\/Newsletter-20-1177x1536.jpg 1177w, https:\/\/www.weingut-isler.de\/wp-content\/uploads\/2022\/11\/Newsletter-20-1570x2048.jpg 1570w, https:\/\/www.weingut-isler.de\/wp-content\/uploads\/2022\/11\/Newsletter-20-416x543.jpg 416w, https:\/\/www.weingut-isler.de\/wp-content\/uploads\/2022\/11\/Newsletter-20-scaled.jpg 1962w\" sizes=\"(max-width: 230px) 100vw, 230px\" \/><\/div>\n\t\t<\/a>\n\t\t\t\t<div class=\"elementor-post__text\">\n\t\t\t\t<h3 class=\"elementor-post__title\">\n\t\t\t<a href=\"https:\/\/www.weingut-isler.de\/?p=6914\" >\n\t\t\t\tVierte Flaschenpost\t\t\t<\/a>\n\t\t<\/h3>\n\t\t\t\t<div class=\"elementor-post__meta-data\">\n\t\t\t\t\t<span class=\"elementor-post-date\">\n\t\t\t25. November 2022\t\t<\/span>\n\t\t\t\t<span class=\"elementor-post-avatar\">\n\t\t\tKeine Kommentare\t\t<\/span>\n\t\t\t\t<\/div>\n\t\t\t\t<div class=\"elementor-post__excerpt\">\n\t\t\t<p>Lieber Weinfreund, wir freuen uns, Ihnen mitteilen zu k\u00f6nnen, dass wir die diesj\u00e4hrige Weinlese trotz der langanhaltenden Trockenperiode in guter Qualit\u00e4t einbringen durften. Auch Dank<\/p>\n\t\t<\/div>\n\t\t\n\t\t<a class=\"elementor-post__read-more\" href=\"https:\/\/www.weingut-isler.de\/?p=6914\" aria-label=\"Mehr \u00fcber Vierte Flaschenpost\" tabindex=\"-1\" >\n\t\t\tWeiterlesen \u00bb\t\t<\/a>\n\n\t\t\t\t<\/div>\n\t\t\t\t<\/article>\n\t\t\t\t<article class=\"elementor-post elementor-grid-item post-5970 post type-post status-publish format-standard has-post-thumbnail hentry category-newsletter\" role=\"listitem\">\n\t\t\t\t<a class=\"elementor-post__thumbnail__link\" href=\"https:\/\/www.weingut-isler.de\/?p=5970\" tabindex=\"-1\" >\n\t\t\t<div class=\"elementor-post__thumbnail\"><img loading=\"lazy\" decoding=\"async\" width=\"300\" height=\"200\" src=\"https:\/\/www.weingut-isler.de\/wp-content\/uploads\/2022\/03\/DSC_0021-300x200.jpg\" class=\"attachment-medium size-medium wp-image-5971\" alt=\"\" srcset=\"https:\/\/www.weingut-isler.de\/wp-content\/uploads\/2022\/03\/DSC_0021-300x200.jpg 300w, https:\/\/www.weingut-isler.de\/wp-content\/uploads\/2022\/03\/DSC_0021-1024x683.jpg 1024w, https:\/\/www.weingut-isler.de\/wp-content\/uploads\/2022\/03\/DSC_0021-768x512.jpg 768w, https:\/\/www.weingut-isler.de\/wp-content\/uploads\/2022\/03\/DSC_0021-1536x1024.jpg 1536w, https:\/\/www.weingut-isler.de\/wp-content\/uploads\/2022\/03\/DSC_0021-2048x1365.jpg 2048w, https:\/\/www.weingut-isler.de\/wp-content\/uploads\/2022\/03\/DSC_0021-416x277.jpg 416w\" sizes=\"(max-width: 300px) 100vw, 300px\" \/><\/div>\n\t\t<\/a>\n\t\t\t\t<div class=\"elementor-post__text\">\n\t\t\t\t<h3 class=\"elementor-post__title\">\n\t\t\t<a href=\"https:\/\/www.weingut-isler.de\/?p=5970\" >\n\t\t\t\tDritte Flaschenpost\t\t\t<\/a>\n\t\t<\/h3>\n\t\t\t\t<div class=\"elementor-post__meta-data\">\n\t\t\t\t\t<span class=\"elementor-post-date\">\n\t\t\t1. April 2022\t\t<\/span>\n\t\t\t\t<span class=\"elementor-post-avatar\">\n\t\t\tKeine Kommentare\t\t<\/span>\n\t\t\t\t<\/div>\n\t\t\t\t<div class=\"elementor-post__excerpt\">\n\t\t\t<p>Jahrgangspr\u00e4sentation Nach zweij\u00e4hriger Pause freuen wir uns, dass wir Sie zu unserer Jahrgangspr\u00e4sentation der 2021er Jungweine einladen d\u00fcrfen. Am Donnerstag, den 21. April 2022 k\u00f6nnen<\/p>\n\t\t<\/div>\n\t\t\n\t\t<a class=\"elementor-post__read-more\" href=\"https:\/\/www.weingut-isler.de\/?p=5970\" aria-label=\"Mehr \u00fcber Dritte Flaschenpost\" tabindex=\"-1\" >\n\t\t\tWeiterlesen \u00bb\t\t<\/a>\n\n\t\t\t\t<\/div>\n\t\t\t\t<\/article>\n\t\t\t\t<\/div>\n\t\t\n\t\t\t\t\t\t<\/div>\n\t\t\t\t<\/div>\n\t\t\t\t\t<\/div>\n\t\t<\/div>\n\t\t\t\t\t<\/div>\n\t\t<\/section>\n\t\t\t\t<\/div>\n\t\t","protected":false},"excerpt":{"rendered":"","protected":false},"author":4,"featured_media":0,"parent":2279,"menu_order":0,"comment_status":"closed","ping_status":"closed","template":"elementor_header_footer","meta":{"footnotes":""},"class_list":["post-4877","page","type-page","status-publish","hentry"],"_links":{"self":[{"href":"https:\/\/www.weingut-isler.de\/index.php?rest_route=\/wp\/v2\/pages\/4877","targetHints":{"allow":["GET"]}}],"collection":[{"href":"https:\/\/www.weingut-isler.de\/index.php?rest_route=\/wp\/v2\/pages"}],"about":[{"href":"https:\/\/www.weingut-isler.de\/index.php?rest_route=\/wp\/v2\/types\/page"}],"author":[{"embeddable":true,"href":"https:\/\/www.weingut-isler.de\/index.php?rest_route=\/wp\/v2\/users\/4"}],"replies":[{"embeddable":true,"href":"https:\/\/www.weingut-isler.de\/index.php?rest_route=%2Fwp%2Fv2%2Fcomments&post=4877"}],"version-history":[{"count":4,"href":"https:\/\/www.weingut-isler.de\/index.php?rest_route=\/wp\/v2\/pages\/4877\/revisions"}],"predecessor-version":[{"id":4885,"href":"https:\/\/www.weingut-isler.de\/index.php?rest_route=\/wp\/v2\/pages\/4877\/revisions\/4885"}],"up":[{"embeddable":true,"href":"https:\/\/www.weingut-isler.de\/index.php?rest_route=\/wp\/v2\/pages\/2279"}],"wp:attachment":[{"href":"https:\/\/www.weingut-isler.de\/index.php?rest_route=%2Fwp%2Fv2%2Fmedia&parent=4877"}],"curies":[{"name":"wp","href":"https:\/\/api.w.org\/{rel}","templated":true}]}}