{"id":591,"date":"2018-10-11T08:52:21","date_gmt":"2018-10-11T08:52:21","guid":{"rendered":"https:\/\/weingut-isler.de\/prototyp\/?page_id=591"},"modified":"2025-07-30T14:55:41","modified_gmt":"2025-07-30T12:55:41","slug":"impressum","status":"publish","type":"page","link":"https:\/\/www.weingut-isler.de\/?page_id=591","title":{"rendered":"Impressum"},"content":{"rendered":"\t\t<div data-elementor-type=\"wp-post\" data-elementor-id=\"591\" class=\"elementor elementor-591\" data-elementor-post-type=\"page\">\n\t\t\t\t\t\t<section class=\"elementor-section elementor-top-section elementor-element elementor-element-182bf40c elementor-section-boxed elementor-section-height-default elementor-section-height-default\" data-id=\"182bf40c\" data-element_type=\"section\" data-e-type=\"section\">\n\t\t\t\t\t\t<div class=\"elementor-container elementor-column-gap-default\">\n\t\t\t\t\t<div class=\"elementor-column elementor-col-100 elementor-top-column elementor-element elementor-element-a64f98a\" data-id=\"a64f98a\" data-element_type=\"column\" data-e-type=\"column\">\n\t\t\t<div class=\"elementor-widget-wrap elementor-element-populated\">\n\t\t\t\t\t\t<div class=\"elementor-element elementor-element-cd2813c elementor-widget elementor-widget-heading\" data-id=\"cd2813c\" data-element_type=\"widget\" data-e-type=\"widget\" data-widget_type=\"heading.default\">\n\t\t\t\t<div class=\"elementor-widget-container\">\n\t\t\t\t\t<h2 class=\"elementor-heading-title elementor-size-default\">IMPRESSUM<\/h2>\t\t\t\t<\/div>\n\t\t\t\t<\/div>\n\t\t\t\t<div class=\"elementor-element elementor-element-1eebdb2d elementor-widget elementor-widget-text-editor\" data-id=\"1eebdb2d\" data-element_type=\"widget\" data-e-type=\"widget\" data-widget_type=\"text-editor.default\">\n\t\t\t\t<div class=\"elementor-widget-container\">\n\t\t\t\t\t\t\t\t\t<p><b>Impressum<\/b><\/p>\n<p><b>Angaben gem\u00e4\u00df \u00a7 5 TMG<\/b><\/p>\n<p>Weingut \u00d6konomierat Isler KG<br><span style=\"color: var( --e-global-color-text );font-family: var( --e-global-typography-text-font-family ), Sans-serif;font-weight: var( --e-global-typography-text-font-weight )\">Weinstra\u00dfe 622<br><\/span><span style=\"color: var( --e-global-color-text );font-family: var( --e-global-typography-text-font-family ), Sans-serif;font-weight: var( --e-global-typography-text-font-weight )\">67434 Neustadt an der Weinstra\u00dfe<\/span><\/p>\n<p><b>Kontakt<\/b><\/p>\n<p>Telefon: +49(0) 6321-86236<br>Telefax: +49(0) 6321-32732<br>E-Mail: info@weingut-isler.de<\/p>\n<p><b>Umsatzsteuer-ID<\/b><\/p>\n<p>Umsatzsteuer-Identifikationsnummer gem\u00e4\u00df \u00a7 27 a Umsatzsteuergesetz:<br>DE370302083<\/p>\n<p><b>Redaktionell verantwortlich<\/b><\/p>\n<p>Weingut \u00d6konomierat Isler KG<br>Weinstr. 622<br>67434 Neustadt an der Weinstra\u00dfe<\/p>\n<p><b>Verbraucher\u00adstreit\u00adbeilegung\/Universal\u00adschlichtungs\u00adstelle<\/b><\/p>\n<p>Wir sind nicht bereit oder verpflichtet, an Streitbeilegungsverfahren vor einer Verbraucherschlichtungsstelle teilzunehmen.<\/p>\t\t\t\t\t\t\t\t<\/div>\n\t\t\t\t<\/div>\n\t\t\t\t\t<\/div>\n\t\t<\/div>\n\t\t\t\t\t<\/div>\n\t\t<\/section>\n\t\t\t\t<\/div>\n\t\t","protected":false},"excerpt":{"rendered":"<p>IMPRESSUM Impressum Angaben gem\u00e4\u00df \u00a7 5 TMG Weingut \u00d6konomierat Isler KGWeinstra\u00dfe 62267434 Neustadt an der Weinstra\u00dfe Kontakt Telefon: +49(0) 6321-86236Telefax: +49(0) 6321-32732E-Mail: info@weingut-isler.de Umsatzsteuer-ID Umsatzsteuer-Identifikationsnummer gem\u00e4\u00df \u00a7 27 a Umsatzsteuergesetz:DE370302083 Redaktionell verantwortlich Weingut \u00d6konomierat Isler KGWeinstr. 62267434 Neustadt an der Weinstra\u00dfe Verbraucher\u00adstreit\u00adbeilegung\/Universal\u00adschlichtungs\u00adstelle Wir sind nicht bereit oder verpflichtet, an Streitbeilegungsverfahren vor einer Verbraucherschlichtungsstelle teilzunehmen.<\/p>\n","protected":false},"author":4,"featured_media":0,"parent":43,"menu_order":0,"comment_status":"closed","ping_status":"closed","template":"elementor_header_footer","meta":{"footnotes":""},"class_list":["post-591","page","type-page","status-publish","hentry"],"_links":{"self":[{"href":"https:\/\/www.weingut-isler.de\/index.php?rest_route=\/wp\/v2\/pages\/591","targetHints":{"allow":["GET"]}}],"collection":[{"href":"https:\/\/www.weingut-isler.de\/index.php?rest_route=\/wp\/v2\/pages"}],"about":[{"href":"https:\/\/www.weingut-isler.de\/index.php?rest_route=\/wp\/v2\/types\/page"}],"author":[{"embeddable":true,"href":"https:\/\/www.weingut-isler.de\/index.php?rest_route=\/wp\/v2\/users\/4"}],"replies":[{"embeddable":true,"href":"https:\/\/www.weingut-isler.de\/index.php?rest_route=%2Fwp%2Fv2%2Fcomments&post=591"}],"version-history":[{"count":22,"href":"https:\/\/www.weingut-isler.de\/index.php?rest_route=\/wp\/v2\/pages\/591\/revisions"}],"predecessor-version":[{"id":11461,"href":"https:\/\/www.weingut-isler.de\/index.php?rest_route=\/wp\/v2\/pages\/591\/revisions\/11461"}],"up":[{"embeddable":true,"href":"https:\/\/www.weingut-isler.de\/index.php?rest_route=\/wp\/v2\/pages\/43"}],"wp:attachment":[{"href":"https:\/\/www.weingut-isler.de\/index.php?rest_route=%2Fwp%2Fv2%2Fmedia&parent=591"}],"curies":[{"name":"wp","href":"https:\/\/api.w.org\/{rel}","templated":true}]}}