{"id":771,"date":"2018-10-25T08:38:25","date_gmt":"2018-10-25T08:38:25","guid":{"rendered":"https:\/\/weingut-isler.de\/prototyp\/?page_id=771"},"modified":"2026-04-16T13:09:00","modified_gmt":"2026-04-16T11:09:00","slug":"weintour","status":"publish","type":"page","link":"https:\/\/www.weingut-isler.de\/?page_id=771","title":{"rendered":"Weintour"},"content":{"rendered":"\t\t<div data-elementor-type=\"wp-post\" data-elementor-id=\"771\" class=\"elementor elementor-771\" data-elementor-post-type=\"page\">\n\t\t\t\t\t\t<section class=\"elementor-section elementor-top-section elementor-element elementor-element-55900fb elementor-section-stretched elementor-section-full_width elementor-section-height-default elementor-section-height-default\" data-id=\"55900fb\" data-element_type=\"section\" data-e-type=\"section\" data-settings=\"{&quot;stretch_section&quot;:&quot;section-stretched&quot;,&quot;background_background&quot;:&quot;classic&quot;}\">\n\t\t\t\t\t\t<div class=\"elementor-container elementor-column-gap-default\">\n\t\t\t\t\t<div class=\"elementor-column elementor-col-25 elementor-top-column elementor-element elementor-element-6660045\" data-id=\"6660045\" data-element_type=\"column\" data-e-type=\"column\">\n\t\t\t<div class=\"elementor-widget-wrap\">\n\t\t\t\t\t\t\t<\/div>\n\t\t<\/div>\n\t\t\t\t<div class=\"elementor-column elementor-col-50 elementor-top-column elementor-element elementor-element-90e817c\" data-id=\"90e817c\" data-element_type=\"column\" data-e-type=\"column\">\n\t\t\t<div class=\"elementor-widget-wrap elementor-element-populated\">\n\t\t\t\t\t\t\t<\/div>\n\t\t<\/div>\n\t\t\t\t<div class=\"elementor-column elementor-col-25 elementor-top-column elementor-element elementor-element-3e95c00\" data-id=\"3e95c00\" data-element_type=\"column\" data-e-type=\"column\">\n\t\t\t<div class=\"elementor-widget-wrap\">\n\t\t\t\t\t\t\t<\/div>\n\t\t<\/div>\n\t\t\t\t\t<\/div>\n\t\t<\/section>\n\t\t\t\t<section class=\"elementor-section elementor-top-section elementor-element elementor-element-350937f elementor-section-stretched elementor-section-full_width elementor-section-height-default elementor-section-height-default\" data-id=\"350937f\" data-element_type=\"section\" data-e-type=\"section\" data-settings=\"{&quot;stretch_section&quot;:&quot;section-stretched&quot;}\">\n\t\t\t\t\t\t<div class=\"elementor-container elementor-column-gap-default\">\n\t\t\t\t\t<div class=\"elementor-column elementor-col-100 elementor-top-column elementor-element elementor-element-7f0a94c\" data-id=\"7f0a94c\" data-element_type=\"column\" data-e-type=\"column\">\n\t\t\t<div class=\"elementor-widget-wrap\">\n\t\t\t\t\t\t\t<\/div>\n\t\t<\/div>\n\t\t\t\t\t<\/div>\n\t\t<\/section>\n\t\t\t\t<section class=\"elementor-section elementor-top-section elementor-element elementor-element-f15f9a4 elementor-section-boxed elementor-section-height-default elementor-section-height-default\" data-id=\"f15f9a4\" data-element_type=\"section\" data-e-type=\"section\">\n\t\t\t\t\t\t<div class=\"elementor-container elementor-column-gap-default\">\n\t\t\t\t\t<div class=\"elementor-column elementor-col-100 elementor-top-column elementor-element elementor-element-77a8657\" data-id=\"77a8657\" data-element_type=\"column\" data-e-type=\"column\">\n\t\t\t<div class=\"elementor-widget-wrap elementor-element-populated\">\n\t\t\t\t\t\t<div class=\"elementor-element elementor-element-f137a6e elementor-widget elementor-widget-heading\" data-id=\"f137a6e\" data-element_type=\"widget\" data-e-type=\"widget\" data-widget_type=\"heading.default\">\n\t\t\t\t<div class=\"elementor-widget-container\">\n\t\t\t\t\t<h2 class=\"elementor-heading-title elementor-size-default\">WEINTOUR<\/h2>\t\t\t\t<\/div>\n\t\t\t\t<\/div>\n\t\t\t\t\t<\/div>\n\t\t<\/div>\n\t\t\t\t\t<\/div>\n\t\t<\/section>\n\t\t\t\t<section class=\"elementor-section elementor-top-section elementor-element elementor-element-4c01c54 elementor-section-boxed elementor-section-height-default elementor-section-height-default\" data-id=\"4c01c54\" data-element_type=\"section\" data-e-type=\"section\">\n\t\t\t\t\t\t<div class=\"elementor-container elementor-column-gap-default\">\n\t\t\t\t\t<div class=\"elementor-column elementor-col-100 elementor-top-column elementor-element elementor-element-8c30940\" data-id=\"8c30940\" data-element_type=\"column\" data-e-type=\"column\">\n\t\t\t<div class=\"elementor-widget-wrap elementor-element-populated\">\n\t\t\t\t\t\t<div class=\"elementor-element elementor-element-f91c519 elementor-widget-divider--view-line elementor-widget elementor-widget-divider\" data-id=\"f91c519\" data-element_type=\"widget\" data-e-type=\"widget\" data-widget_type=\"divider.default\">\n\t\t\t\t<div class=\"elementor-widget-container\">\n\t\t\t\t\t\t\t<div class=\"elementor-divider\">\n\t\t\t<span class=\"elementor-divider-separator\">\n\t\t\t\t\t\t<\/span>\n\t\t<\/div>\n\t\t\t\t\t\t<\/div>\n\t\t\t\t<\/div>\n\t\t\t\t\t<\/div>\n\t\t<\/div>\n\t\t\t\t\t<\/div>\n\t\t<\/section>\n\t\t\t\t<section class=\"elementor-section elementor-top-section elementor-element elementor-element-10d4cb2 elementor-section-boxed elementor-section-height-default elementor-section-height-default\" data-id=\"10d4cb2\" data-element_type=\"section\" data-e-type=\"section\">\n\t\t\t\t\t\t<div class=\"elementor-container elementor-column-gap-default\">\n\t\t\t\t\t<div class=\"elementor-column elementor-col-100 elementor-top-column elementor-element elementor-element-4ac9e28\" data-id=\"4ac9e28\" data-element_type=\"column\" data-e-type=\"column\">\n\t\t\t<div class=\"elementor-widget-wrap elementor-element-populated\">\n\t\t\t\t\t\t<div class=\"elementor-element elementor-element-a6207e3 elementor-widget elementor-widget-text-editor\" data-id=\"a6207e3\" data-element_type=\"widget\" data-e-type=\"widget\" data-widget_type=\"text-editor.default\">\n\t\t\t\t<div class=\"elementor-widget-container\">\n\t\t\t\t\t\t\t\t\t<p>In vielen Regionen Deutschlands (nachfolgend aufgef\u00fchrt) fahren wir selbst mit unserem Transporter zur Auslieferung der Erzeugnisse. An den festgelegten Terminen kommen wir eventuell auch in Ihre N\u00e4he. Die genaue Uhrzeit der Anlieferung vereinbaren wir mit Ihnen mittels vorheriger telefonischer Absprache. Selbstverst\u00e4ndlich tragen wir die bestellten Flaschen in den Keller. Hierbei k\u00f6nnen Sie \u201eIhren Winzer\u201c pers\u00f6nlich kennenlernen. Bei einer <strong>Mindestbestellmenge von 60 Flaschen<\/strong> (diese erreichen Sie leicht, indem Sie sich evtl. mit Bekannten zusammentun) liefern wir frachtkostenfrei.<\/p><p>In alle anderen Regionen Deutschlands, die nicht aufgef\u00fchrt sind bzw. von einer Route zu weit entfernt liegen, erfolgt die Hauszustellung zu jeder Zeit und innerhalb 2-4 Werktagen per Paketdienst oder Spedition. <strong>Ab 12 Flaschen sogar versandkostenfrei!<\/strong><\/p><h3><span style=\"color: #808080\"><strong>Unsere Liefertermine 2026:<\/strong><\/span><\/h3><p><strong style=\"color: var( --e-global-color-text );font-family: var( --e-global-typography-text-font-family ), Sans-serif\">Augsburg, Landsberg, M\u00fcnchen, Starnberg:<\/strong><\/p><p>18.06. +++ 13.08. +++ 15.10. +++ 17.12.<\/p><p><strong>Bonn, D\u00fcsseldorf, K\u00f6ln, Wuppertal, Dortmund, Essen:<\/strong><\/p><p>03.06. +++ 03.09. +++ 03.12.<\/p><p><strong>N\u00fcrnberg, Bamberg, Kulmbach, Kronach, Hof:<\/strong><\/p><p>11.06. +++ 27.08. +++ 10.12.<\/p><p><strong>Frankfurt, Wiesbaden, Mainz, Friedberg, Gie\u00dfen, Siegen:<\/strong><\/p><p>09.06. +++ 01.09. +++ 15.12.<\/p>\t\t\t\t\t\t\t\t<\/div>\n\t\t\t\t<\/div>\n\t\t\t\t<div class=\"elementor-element elementor-element-358514b elementor--h-position-center elementor--v-position-middle elementor-widget elementor-widget-slides\" data-id=\"358514b\" data-element_type=\"widget\" data-e-type=\"widget\" data-settings=\"{&quot;navigation&quot;:&quot;none&quot;,&quot;autoplay&quot;:&quot;yes&quot;,&quot;pause_on_hover&quot;:&quot;yes&quot;,&quot;pause_on_interaction&quot;:&quot;yes&quot;,&quot;autoplay_speed&quot;:5000,&quot;infinite&quot;:&quot;yes&quot;,&quot;transition&quot;:&quot;slide&quot;,&quot;transition_speed&quot;:500}\" data-widget_type=\"slides.default\">\n\t\t\t\t<div class=\"elementor-widget-container\">\n\t\t\t\t\t\t\t\t\t<div class=\"elementor-swiper\">\n\t\t\t\t\t<div class=\"elementor-slides-wrapper elementor-main-swiper swiper\" role=\"region\" aria-roledescription=\"carousel\" aria-label=\"Slider\" dir=\"ltr\" data-animation=\"fadeInUp\">\n\t\t\t\t<div class=\"swiper-wrapper elementor-slides\">\n\t\t\t\t\t\t\t\t\t\t<div class=\"elementor-repeater-item-2a5a3a7 swiper-slide\" role=\"group\" aria-roledescription=\"slide\"><div class=\"swiper-slide-bg\" role=\"img\" aria-label=\"SMB-2_123_5\"><\/div><div class=\"swiper-slide-inner\" ><div class=\"swiper-slide-contents\"><\/div><\/div><\/div>\t\t\t\t<\/div>\n\t\t\t\t\t\t\t<\/div>\n\t\t\t\t<\/div>\n\t\t\t\t\t\t\t\t<\/div>\n\t\t\t\t<\/div>\n\t\t\t\t\t<\/div>\n\t\t<\/div>\n\t\t\t\t\t<\/div>\n\t\t<\/section>\n\t\t\t\t<\/div>\n\t\t","protected":false},"excerpt":{"rendered":"<p>WEINTOUR In vielen Regionen Deutschlands (nachfolgend aufgef\u00fchrt) fahren wir selbst mit unserem Transporter zur Auslieferung der Erzeugnisse. An den festgelegten Terminen kommen wir eventuell auch in Ihre N\u00e4he. Die genaue Uhrzeit der Anlieferung vereinbaren wir mit Ihnen mittels vorheriger telefonischer Absprache. Selbstverst\u00e4ndlich tragen wir die bestellten Flaschen in den Keller. Hierbei k\u00f6nnen Sie \u201eIhren Winzer\u201c [&hellip;]<\/p>\n","protected":false},"author":1,"featured_media":0,"parent":331,"menu_order":0,"comment_status":"closed","ping_status":"closed","template":"elementor_header_footer","meta":{"footnotes":""},"class_list":["post-771","page","type-page","status-publish","hentry"],"_links":{"self":[{"href":"https:\/\/www.weingut-isler.de\/index.php?rest_route=\/wp\/v2\/pages\/771","targetHints":{"allow":["GET"]}}],"collection":[{"href":"https:\/\/www.weingut-isler.de\/index.php?rest_route=\/wp\/v2\/pages"}],"about":[{"href":"https:\/\/www.weingut-isler.de\/index.php?rest_route=\/wp\/v2\/types\/page"}],"author":[{"embeddable":true,"href":"https:\/\/www.weingut-isler.de\/index.php?rest_route=\/wp\/v2\/users\/1"}],"replies":[{"embeddable":true,"href":"https:\/\/www.weingut-isler.de\/index.php?rest_route=%2Fwp%2Fv2%2Fcomments&post=771"}],"version-history":[{"count":325,"href":"https:\/\/www.weingut-isler.de\/index.php?rest_route=\/wp\/v2\/pages\/771\/revisions"}],"predecessor-version":[{"id":12503,"href":"https:\/\/www.weingut-isler.de\/index.php?rest_route=\/wp\/v2\/pages\/771\/revisions\/12503"}],"up":[{"embeddable":true,"href":"https:\/\/www.weingut-isler.de\/index.php?rest_route=\/wp\/v2\/pages\/331"}],"wp:attachment":[{"href":"https:\/\/www.weingut-isler.de\/index.php?rest_route=%2Fwp%2Fv2%2Fmedia&parent=771"}],"curies":[{"name":"wp","href":"https:\/\/api.w.org\/{rel}","templated":true}]}}