{"id":10428,"date":"2025-01-20T13:08:46","date_gmt":"2025-01-20T12:08:46","guid":{"rendered":"https:\/\/www.weingut-isler.de\/?post_type=product&#038;p=10428"},"modified":"2025-03-30T18:01:09","modified_gmt":"2025-03-30T16:01:09","slug":"sortiment-4-feinherbe-fruchtige-rose-und-rotweine-secco-und-sekt","status":"publish","type":"product","link":"https:\/\/www.weingut-isler.de\/?product=sortiment-4-feinherbe-fruchtige-rose-und-rotweine-secco-und-sekt","title":{"rendered":"Sortiment 4: feinherbe\/fruchtige Ros\u00e9-und Rotweine, Secco und Sekt"},"content":{"rendered":"\t\t<div data-elementor-type=\"product-post\" data-elementor-id=\"10428\" class=\"elementor elementor-10428\" data-elementor-post-type=\"product\">\n\t\t\t\t\t\t<section class=\"elementor-section elementor-top-section elementor-element elementor-element-24bcaf4d elementor-section-boxed elementor-section-height-default elementor-section-height-default\" data-id=\"24bcaf4d\" data-element_type=\"section\" data-e-type=\"section\">\n\t\t\t\t\t\t<div class=\"elementor-container elementor-column-gap-default\">\n\t\t\t\t\t<div class=\"elementor-column elementor-col-100 elementor-top-column elementor-element elementor-element-31f9deab\" data-id=\"31f9deab\" data-element_type=\"column\" data-e-type=\"column\">\n\t\t\t<div class=\"elementor-widget-wrap elementor-element-populated\">\n\t\t\t\t\t\t<div class=\"elementor-element elementor-element-40c40584 elementor-widget elementor-widget-text-editor\" data-id=\"40c40584\" data-element_type=\"widget\" data-e-type=\"widget\" data-widget_type=\"text-editor.default\">\n\t\t\t\t<div class=\"elementor-widget-container\">\n\t\t\t\t\t\t\t\t\t<p>Dieses Sortiment enth\u00e4lt je 1 Flasche von:<\/p><p>Nr. 31 Portugieser Ros\u00e9<br \/>Nr. 33 Paradieso Cuv\u00e9e<br \/>Nr. 37 Dornfelder Rotwein<br \/>Nr. 39 Rubino Cuv\u00e9e Rotwein<br \/>Nr. 57 Ros\u00e9 Secco<br \/>Nr. 54 Ros\u00e9 Sekt<\/p><p>ab 12 Flaschen oder ab 2 Sortimenten ist die Lieferung frachtfrei!<\/p>\t\t\t\t\t\t\t\t<\/div>\n\t\t\t\t<\/div>\n\t\t\t\t\t<\/div>\n\t\t<\/div>\n\t\t\t\t\t<\/div>\n\t\t<\/section>\n\t\t\t\t<\/div>\n\t\t","protected":false},"excerpt":{"rendered":"<p>Dieses Sortiment enth\u00e4lt je 1 Flasche von: Nr. 31 Portugieser Ros\u00e9 Nr. 33 Paradieso Cuv\u00e9e Nr. 37 Dornfelder Rotwein Nr. 39 Rubino Cuv\u00e9e Rotwein Nr. 57 Ros\u00e9 Secco Nr. 54 Ros\u00e9 Sekt ab 12 Flaschen oder ab 2 Sortimenten ist die Lieferung frachtfrei!<\/p>\n","protected":false},"featured_media":10410,"template":"","meta":[],"product_brand":[],"product_cat":[62,58,60,64],"product_tag":[],"class_list":{"0":"post-10428","1":"product","2":"type-product","3":"status-publish","4":"has-post-thumbnail","6":"product_cat-prickelndes","7":"product_cat-roseweine","8":"product_cat-rotweine","9":"product_cat-sonstiges","11":"first","12":"instock","13":"taxable","14":"shipping-taxable","15":"purchasable","16":"product-type-simple"},"_links":{"self":[{"href":"https:\/\/www.weingut-isler.de\/index.php?rest_route=\/wp\/v2\/product\/10428","targetHints":{"allow":["GET"]}}],"collection":[{"href":"https:\/\/www.weingut-isler.de\/index.php?rest_route=\/wp\/v2\/product"}],"about":[{"href":"https:\/\/www.weingut-isler.de\/index.php?rest_route=\/wp\/v2\/types\/product"}],"version-history":[{"count":9,"href":"https:\/\/www.weingut-isler.de\/index.php?rest_route=\/wp\/v2\/product\/10428\/revisions"}],"predecessor-version":[{"id":10710,"href":"https:\/\/www.weingut-isler.de\/index.php?rest_route=\/wp\/v2\/product\/10428\/revisions\/10710"}],"wp:featuredmedia":[{"embeddable":true,"href":"https:\/\/www.weingut-isler.de\/index.php?rest_route=\/wp\/v2\/media\/10410"}],"wp:attachment":[{"href":"https:\/\/www.weingut-isler.de\/index.php?rest_route=%2Fwp%2Fv2%2Fmedia&parent=10428"}],"wp:term":[{"taxonomy":"product_brand","embeddable":true,"href":"https:\/\/www.weingut-isler.de\/index.php?rest_route=%2Fwp%2Fv2%2Fproduct_brand&post=10428"},{"taxonomy":"product_cat","embeddable":true,"href":"https:\/\/www.weingut-isler.de\/index.php?rest_route=%2Fwp%2Fv2%2Fproduct_cat&post=10428"},{"taxonomy":"product_tag","embeddable":true,"href":"https:\/\/www.weingut-isler.de\/index.php?rest_route=%2Fwp%2Fv2%2Fproduct_tag&post=10428"}],"curies":[{"name":"wp","href":"https:\/\/api.w.org\/{rel}","templated":true}]}}