{"id":12313,"date":"2026-03-04T18:32:37","date_gmt":"2026-03-04T17:32:37","guid":{"rendered":"https:\/\/www.weingut-isler.de\/?post_type=product&#038;p=12313"},"modified":"2026-03-14T14:05:29","modified_gmt":"2026-03-14T13:05:29","slug":"nr-25-sauvignac-terrassenlage-trocken","status":"publish","type":"product","link":"https:\/\/www.weingut-isler.de\/?product=nr-25-sauvignac-terrassenlage-trocken","title":{"rendered":"Nr. 25 Sauvignac &#8222;Terrassenlage&#8220; &#8211; trocken"},"content":{"rendered":"\t\t<div data-elementor-type=\"product-post\" data-elementor-id=\"12313\" class=\"elementor elementor-12313\" data-elementor-post-type=\"product\">\n\t\t\t\t\t\t<section class=\"elementor-section elementor-top-section elementor-element elementor-element-24bcaf4d elementor-section-boxed elementor-section-height-default elementor-section-height-default\" data-id=\"24bcaf4d\" data-element_type=\"section\" data-e-type=\"section\">\n\t\t\t\t\t\t<div class=\"elementor-container elementor-column-gap-default\">\n\t\t\t\t\t<div class=\"elementor-column elementor-col-100 elementor-top-column elementor-element elementor-element-31f9deab\" data-id=\"31f9deab\" data-element_type=\"column\" data-e-type=\"column\">\n\t\t\t<div class=\"elementor-widget-wrap elementor-element-populated\">\n\t\t\t\t\t\t<div class=\"elementor-element elementor-element-40c40584 elementor-widget elementor-widget-text-editor\" data-id=\"40c40584\" data-element_type=\"widget\" data-e-type=\"widget\" data-widget_type=\"text-editor.default\">\n\t\t\t\t<div class=\"elementor-widget-container\">\n\t\t\t\t\t\t\t\t\t<p>Alkoholgehalt<strong> (% Vol.):<\/strong> \u00a0 \u00a0 12,0<\/p><p><strong>Rests\u00fc\u00dfe (g\/l): \u00a0<\/strong>\u00a0 \u00a0 \u00a0 \u00a0 \u00a0 \u00a0 \u00a0 \u00a0 \u00a0 4,8<\/p><p><strong>S\u00e4ure (g\/l):<\/strong>\u00a0 \u00a0 \u00a0 \u00a0 \u00a0 \u00a0 \u00a0 \u00a0 \u00a0 \u00a0 \u00a0 \u00a0 \u00a0 \u00a05,9<\/p><p><strong>Jahrgang: \u00a0<\/strong> \u00a0 \u00a0 \u00a0 \u00a0 \u00a0 \u00a0 \u00a0 \u00a0 \u00a0 \u00a0 \u00a0 \u00a0 \u00a0 2025<\/p><p><strong>Geschmack: \u00a0<\/strong>\u00a0 \u00a0 \u00a0 \u00a0 \u00a0 \u00a0 \u00a0 \u00a0 \u00a0 \u00a0 \u00a0 \u00a0 mineralisch-frisch, trocken<\/p><p><strong>Speiseempfehlung: \u00a0<\/strong>\u00a0 \u00a0 \u00a0 \u00a0 \u00a0 \u00a0zu Meeresfr\u00fcchten, Sushi, Pasta<\/p><p><strong>Trinktemperatur:<\/strong>\u00a0 \u00a0 \u00a0 \u00a0 \u00a0 \u00a0 \u00a0 \u00a0 \u00a0 8\u00b0 &#8211; 10 \u00b0<\/p><p><strong>Preis pro Liter: \u00a0<\/strong> \u00a0 \u00a0 \u00a0 \u00a0 \u00a0 \u00a0 \u00a0 \u00a0 \u00a0 \u00a0 18,53 \u20ac<\/p><p><em><strong><span style=\"color: var( --e-global-color-text )\">Auch als Magnum-Flasche 1,5 Liter erh\u00e4ltlich, 34\u20ac<\/span><\/strong><\/em><\/p><p data-start=\"205\" data-end=\"459\">In einer sonnigen Terrassenlage am Rand des Pf\u00e4lzer Waldes wachsen die Trauben f\u00fcr diesen charaktervollen Sauvignac. Der Sandsteinboden und das besondere Mikroklima zwischen Wald und Reben verleihen dem Wein seine elegante Frische und mineralische Tiefe.<\/p><p>Die PIWI-Rebsorte (pilzwiderstandsf\u00e4hige) Sauvignac steht f\u00fcr modernen, nachhaltigen Weinbau und verbindet Umweltbewusstsein mit ausdrucksstarker Aromatik. Sie entstand aus einer komplexen Kreuzung von Sauvignon Blanc, Riesling und Resistenzpartnern und wurde gezielt gez\u00fcchtet, um eine hohe Widerstandsf\u00e4higkeit gegen Pilzkrankheiten wie Mehltau zu besitzen.<\/p><p data-start=\"956\" data-end=\"1104\">In der Nase zeigen sich Noten von Stachelbeere, Zitrusfr\u00fcchten, gr\u00fcner Apfel, Aprikose begleitet von feinen Kr\u00e4uteraromen. Am Gaumen wirkt der Wein frisch, saftig und klar strukturiert \u2013 mit animierender S\u00e4ure, feiner Mineralit\u00e4t und einem angenehm trockenen, eleganten Finale.<\/p><p data-start=\"795\" data-end=\"954\">Ein vielseitiger Wei\u00dfwein f\u00fcr viele Gelegenheiten \u2013 perfekt zu Spargel, Fisch, mediterraner K\u00fcche oder einfach als frischer Genuss auf der Terrasse.<\/p><p>Ein moderner Wei\u00dfwein aus nachhaltigem Weinbau, der Frische, Frucht und Terroir auf elegante Weise verbindet.<\/p><p data-start=\"911\" data-end=\"1026\">\u00a0<\/p><p>\u00a0<\/p>\t\t\t\t\t\t\t\t<\/div>\n\t\t\t\t<\/div>\n\t\t\t\t\t<\/div>\n\t\t<\/div>\n\t\t\t\t\t<\/div>\n\t\t<\/section>\n\t\t\t\t<\/div>\n\t\t","protected":false},"excerpt":{"rendered":"<p>Alkoholgehalt (% Vol.): \u00a0 \u00a0 12,0 Rests\u00fc\u00dfe (g\/l): \u00a0\u00a0 \u00a0 \u00a0 \u00a0 \u00a0 \u00a0 \u00a0 \u00a0 \u00a0 4,8 S\u00e4ure (g\/l):\u00a0 \u00a0 \u00a0 \u00a0 \u00a0 \u00a0 \u00a0 \u00a0 \u00a0 \u00a0 \u00a0 \u00a0 \u00a0 \u00a05,9 Jahrgang: \u00a0 \u00a0 \u00a0 \u00a0 \u00a0 \u00a0 \u00a0 \u00a0 \u00a0 \u00a0 \u00a0 \u00a0 \u00a0 \u00a0 2025 Geschmack: \u00a0\u00a0 \u00a0 \u00a0 \u00a0 \u00a0 [&hellip;]<\/p>\n","protected":false},"featured_media":12362,"template":"","meta":[],"product_brand":[],"product_cat":[33],"product_tag":[],"class_list":{"0":"post-12313","1":"product","2":"type-product","3":"status-publish","4":"has-post-thumbnail","6":"product_cat-weissweine","8":"first","9":"instock","10":"taxable","11":"shipping-taxable","12":"purchasable","13":"product-type-simple"},"_links":{"self":[{"href":"https:\/\/www.weingut-isler.de\/index.php?rest_route=\/wp\/v2\/product\/12313","targetHints":{"allow":["GET"]}}],"collection":[{"href":"https:\/\/www.weingut-isler.de\/index.php?rest_route=\/wp\/v2\/product"}],"about":[{"href":"https:\/\/www.weingut-isler.de\/index.php?rest_route=\/wp\/v2\/types\/product"}],"version-history":[{"count":14,"href":"https:\/\/www.weingut-isler.de\/index.php?rest_route=\/wp\/v2\/product\/12313\/revisions"}],"predecessor-version":[{"id":12399,"href":"https:\/\/www.weingut-isler.de\/index.php?rest_route=\/wp\/v2\/product\/12313\/revisions\/12399"}],"wp:featuredmedia":[{"embeddable":true,"href":"https:\/\/www.weingut-isler.de\/index.php?rest_route=\/wp\/v2\/media\/12362"}],"wp:attachment":[{"href":"https:\/\/www.weingut-isler.de\/index.php?rest_route=%2Fwp%2Fv2%2Fmedia&parent=12313"}],"wp:term":[{"taxonomy":"product_brand","embeddable":true,"href":"https:\/\/www.weingut-isler.de\/index.php?rest_route=%2Fwp%2Fv2%2Fproduct_brand&post=12313"},{"taxonomy":"product_cat","embeddable":true,"href":"https:\/\/www.weingut-isler.de\/index.php?rest_route=%2Fwp%2Fv2%2Fproduct_cat&post=12313"},{"taxonomy":"product_tag","embeddable":true,"href":"https:\/\/www.weingut-isler.de\/index.php?rest_route=%2Fwp%2Fv2%2Fproduct_tag&post=12313"}],"curies":[{"name":"wp","href":"https:\/\/api.w.org\/{rel}","templated":true}]}}