{"id":12371,"date":"2026-03-09T12:32:44","date_gmt":"2026-03-09T11:32:44","guid":{"rendered":"https:\/\/www.weingut-isler.de\/?post_type=product&#038;p=12371"},"modified":"2026-03-09T12:38:09","modified_gmt":"2026-03-09T11:38:09","slug":"sortiment-5-fruehlingspaket","status":"publish","type":"product","link":"https:\/\/www.weingut-isler.de\/?product=sortiment-5-fruehlingspaket","title":{"rendered":"Sortiment 5: Fr\u00fchlingspaket"},"content":{"rendered":"\t\t<div data-elementor-type=\"product-post\" data-elementor-id=\"12371\" class=\"elementor elementor-12371\" data-elementor-post-type=\"product\">\n\t\t\t\t\t\t<section class=\"elementor-section elementor-top-section elementor-element elementor-element-24bcaf4d elementor-section-boxed elementor-section-height-default elementor-section-height-default\" data-id=\"24bcaf4d\" data-element_type=\"section\" data-e-type=\"section\">\n\t\t\t\t\t\t<div class=\"elementor-container elementor-column-gap-default\">\n\t\t\t\t\t<div class=\"elementor-column elementor-col-100 elementor-top-column elementor-element elementor-element-31f9deab\" data-id=\"31f9deab\" data-element_type=\"column\" data-e-type=\"column\">\n\t\t\t<div class=\"elementor-widget-wrap elementor-element-populated\">\n\t\t\t\t\t\t<div class=\"elementor-element elementor-element-40c40584 elementor-widget elementor-widget-text-editor\" data-id=\"40c40584\" data-element_type=\"widget\" data-e-type=\"widget\" data-widget_type=\"text-editor.default\">\n\t\t\t\t<div class=\"elementor-widget-container\">\n\t\t\t\t\t\t\t\t\t<p>Dieses Sortiment enth\u00e4lt je 1 Flasche von:<\/p><p>Nr. 12 2025er Grauer Burgunder feinherb<br \/>Nr. 14 2024er Blanc de Noir trocken<br \/>Nr. 21 2024er Sauvignon Blanc feinherb<br \/>Nr. 33 2024er &#8222;Paradieso&#8220; Ros\u00e9 Cuv\u00e9e feinherb<br \/>Nr. 55 Secco wei\u00df<br \/>Nr. 57 Secco ros\u00e9<\/p><p>ab 12 Flaschen oder ab 2 Sortimenten\u00a0 ist die Lieferung frachtfrei!<\/p>\t\t\t\t\t\t\t\t<\/div>\n\t\t\t\t<\/div>\n\t\t\t\t\t<\/div>\n\t\t<\/div>\n\t\t\t\t\t<\/div>\n\t\t<\/section>\n\t\t\t\t<\/div>\n\t\t","protected":false},"excerpt":{"rendered":"<p>Dieses Sortiment enth\u00e4lt je 1 Flasche von: Nr. 12 2025er Grauer Burgunder feinherb Nr. 14 2024er Blanc de Noir trocken Nr. 21 2024er Sauvignon Blanc feinherb Nr. 33 2024er &#8222;Paradieso&#8220; Ros\u00e9 Cuv\u00e9e feinherb Nr. 55 Secco wei\u00df Nr. 57 Secco ros\u00e9 ab 12 Flaschen oder ab 2 Sortimenten\u00a0 ist die Lieferung frachtfrei!<\/p>\n","protected":false},"featured_media":12377,"template":"","meta":[],"product_brand":[],"product_cat":[62,58,64,33],"product_tag":[],"class_list":{"0":"post-12371","1":"product","2":"type-product","3":"status-publish","4":"has-post-thumbnail","6":"product_cat-prickelndes","7":"product_cat-roseweine","8":"product_cat-sonstiges","9":"product_cat-weissweine","11":"first","12":"instock","13":"taxable","14":"shipping-taxable","15":"purchasable","16":"product-type-simple"},"_links":{"self":[{"href":"https:\/\/www.weingut-isler.de\/index.php?rest_route=\/wp\/v2\/product\/12371","targetHints":{"allow":["GET"]}}],"collection":[{"href":"https:\/\/www.weingut-isler.de\/index.php?rest_route=\/wp\/v2\/product"}],"about":[{"href":"https:\/\/www.weingut-isler.de\/index.php?rest_route=\/wp\/v2\/types\/product"}],"version-history":[{"count":5,"href":"https:\/\/www.weingut-isler.de\/index.php?rest_route=\/wp\/v2\/product\/12371\/revisions"}],"predecessor-version":[{"id":12376,"href":"https:\/\/www.weingut-isler.de\/index.php?rest_route=\/wp\/v2\/product\/12371\/revisions\/12376"}],"wp:featuredmedia":[{"embeddable":true,"href":"https:\/\/www.weingut-isler.de\/index.php?rest_route=\/wp\/v2\/media\/12377"}],"wp:attachment":[{"href":"https:\/\/www.weingut-isler.de\/index.php?rest_route=%2Fwp%2Fv2%2Fmedia&parent=12371"}],"wp:term":[{"taxonomy":"product_brand","embeddable":true,"href":"https:\/\/www.weingut-isler.de\/index.php?rest_route=%2Fwp%2Fv2%2Fproduct_brand&post=12371"},{"taxonomy":"product_cat","embeddable":true,"href":"https:\/\/www.weingut-isler.de\/index.php?rest_route=%2Fwp%2Fv2%2Fproduct_cat&post=12371"},{"taxonomy":"product_tag","embeddable":true,"href":"https:\/\/www.weingut-isler.de\/index.php?rest_route=%2Fwp%2Fv2%2Fproduct_tag&post=12371"}],"curies":[{"name":"wp","href":"https:\/\/api.w.org\/{rel}","templated":true}]}}