{"id":12685,"date":"2026-05-06T11:29:50","date_gmt":"2026-05-06T09:29:50","guid":{"rendered":"https:\/\/www.weingut-isler.de\/?post_type=product&#038;p=12685"},"modified":"2026-05-06T18:00:43","modified_gmt":"2026-05-06T16:00:43","slug":"nr-27-chardonnay-herz-hochzeitswein-trocken","status":"publish","type":"product","link":"https:\/\/www.weingut-isler.de\/?product=nr-27-chardonnay-herz-hochzeitswein-trocken","title":{"rendered":"Nr. 27 Chardonnay &#8222;Herz-Hochzeitswein&#8220; &#8211; trocken"},"content":{"rendered":"\t\t<div data-elementor-type=\"product-post\" data-elementor-id=\"12685\" class=\"elementor elementor-12685\" data-elementor-post-type=\"product\">\n\t\t\t\t\t\t<section class=\"elementor-section elementor-top-section elementor-element elementor-element-24bcaf4d elementor-section-boxed elementor-section-height-default elementor-section-height-default\" data-id=\"24bcaf4d\" data-element_type=\"section\" data-e-type=\"section\">\n\t\t\t\t\t\t<div class=\"elementor-container elementor-column-gap-default\">\n\t\t\t\t\t<div class=\"elementor-column elementor-col-100 elementor-top-column elementor-element elementor-element-31f9deab\" data-id=\"31f9deab\" data-element_type=\"column\" data-e-type=\"column\">\n\t\t\t<div class=\"elementor-widget-wrap elementor-element-populated\">\n\t\t\t\t\t\t<div class=\"elementor-element elementor-element-40c40584 elementor-widget elementor-widget-text-editor\" data-id=\"40c40584\" data-element_type=\"widget\" data-e-type=\"widget\" data-widget_type=\"text-editor.default\">\n\t\t\t\t<div class=\"elementor-widget-container\">\n\t\t\t\t\t\t\t\t\t<p>Alkoholgehalt<strong> (% Vol.):<\/strong> \u00a0 \u00a0 12,5<\/p><p><strong>Rests\u00fc\u00dfe (g\/l): \u00a0<\/strong>\u00a0 \u00a0 \u00a0 \u00a0 \u00a0 \u00a0 \u00a0 \u00a0 \u00a0 6,6<\/p><p><strong>S\u00e4ure (g\/l):<\/strong>\u00a0 \u00a0 \u00a0 \u00a0 \u00a0 \u00a0 \u00a0 \u00a0 \u00a0 \u00a0 \u00a0 \u00a0 \u00a0 \u00a05,7<\/p><p><strong>Jahrgang: \u00a0<\/strong> \u00a0 \u00a0 \u00a0 \u00a0 \u00a0 \u00a0 \u00a0 \u00a0 \u00a0 \u00a0 \u00a0 \u00a0 \u00a0 2025<\/p><p><strong>Geschmack: \u00a0<\/strong>\u00a0 \u00a0 \u00a0 \u00a0 \u00a0 \u00a0 \u00a0 \u00a0 \u00a0 \u00a0 \u00a0 \u00a0 dezente Holznote, trocken<\/p><p><strong>Trinktemperatur:<\/strong>\u00a0 \u00a0 \u00a0 \u00a0 \u00a0 \u00a0 \u00a0 \u00a0 \u00a0 8\u00b0 &#8211; 10 \u00b0<\/p><p><strong>Preis pro Liter: \u00a0<\/strong>\u00a0 \u00a0 \u00a0 \u00a0 \u00a0 \u00a0 \u00a0 \u00a0 \u00a0 \u00a0 \u00a025,20 \u20ac<\/p><p><em><strong><span style=\"color: var( --e-global-color-text )\">Auch als Magnum-Flasche 1,5 Liter erh\u00e4ltlich, 46\u20ac<\/span><\/strong><\/em><\/p><p>\u00a0<\/p><p><strong>AUF DIE LIEBE!<\/strong><\/p><p>Ein klassischer Hochzeitswein? Eigentlich nicht. Denn wir haben gemeinsam ein Barriquefass gefertigt und damit den Grundstein f\u00fcr unseren ganz pers\u00f6nlichen Hochzeitswein gelegt.<\/p><p>Anfang Mai durften wir zusammen mit Michael Fleischmann und Markus Vetter von FASSWERK in Hinterweidenthal unser eigenes Barriquefass aus Pf\u00e4lzer Eiche \u00fcber dem Feuer biegen \u2013 ein einzigartiges Erlebnis, das uns noch lange in Erinnerung bleiben wird. Nach der Fertigstellung wurde das Fass mit einer individuellen Beschriftung auf dem Fasskopf veredelt, bevor wir uns entschieden haben, es erstmals mit Chardonnay zu belegen.<\/p><p>Von diesem Moment an begann eine aufregende Reise: probieren, abstimmen, beraten \u2013 gemeinsam mit den Kellermeistern Alexander und Helmut Isler haben wir den perfekten Zeitpunkt bestimmt, an dem unser Wein genau unseren Vorstellungen entspricht.<\/p><p>Nun ist es so weit: Mit eigenem Etikett und frisch gef\u00fcllt ist unser Wein bereit, entdeckt zu werden \u2013 und nat\u00fcrlich auch zu genie\u00dfen. Limitiert auf wenige Flaschen pr\u00e4sentiert sich dieser Chardonnay mit einer feinen Holznote. Sein cremiger Schmelz harmoniert wunderbar mit der dezenten Fasspr\u00e4gung, w\u00e4hrend seine nat\u00fcrliche\u00a0 Kraft ihn zu einem idealen Begleiter macht.<\/p><p>\u00a0\u00a0<\/p>\t\t\t\t\t\t\t\t<\/div>\n\t\t\t\t<\/div>\n\t\t\t\t\t<\/div>\n\t\t<\/div>\n\t\t\t\t\t<\/div>\n\t\t<\/section>\n\t\t\t\t<\/div>\n\t\t","protected":false},"excerpt":{"rendered":"<p>Alkoholgehalt (% Vol.): \u00a0 \u00a0 12,5 Rests\u00fc\u00dfe (g\/l): \u00a0\u00a0 \u00a0 \u00a0 \u00a0 \u00a0 \u00a0 \u00a0 \u00a0 \u00a0 6,6 S\u00e4ure (g\/l):\u00a0 \u00a0 \u00a0 \u00a0 \u00a0 \u00a0 \u00a0 \u00a0 \u00a0 \u00a0 \u00a0 \u00a0 \u00a0 \u00a05,7 Jahrgang: \u00a0 \u00a0 \u00a0 \u00a0 \u00a0 \u00a0 \u00a0 \u00a0 \u00a0 \u00a0 \u00a0 \u00a0 \u00a0 \u00a0 2025 Geschmack: \u00a0\u00a0 \u00a0 \u00a0 \u00a0 \u00a0 [&hellip;]<\/p>\n","protected":false},"featured_media":12696,"template":"","meta":[],"product_brand":[],"product_cat":[33],"product_tag":[],"class_list":{"0":"post-12685","1":"product","2":"type-product","3":"status-publish","4":"has-post-thumbnail","6":"product_cat-weissweine","8":"first","9":"instock","10":"taxable","11":"shipping-taxable","12":"purchasable","13":"product-type-simple"},"_links":{"self":[{"href":"https:\/\/www.weingut-isler.de\/index.php?rest_route=\/wp\/v2\/product\/12685","targetHints":{"allow":["GET"]}}],"collection":[{"href":"https:\/\/www.weingut-isler.de\/index.php?rest_route=\/wp\/v2\/product"}],"about":[{"href":"https:\/\/www.weingut-isler.de\/index.php?rest_route=\/wp\/v2\/types\/product"}],"version-history":[{"count":5,"href":"https:\/\/www.weingut-isler.de\/index.php?rest_route=\/wp\/v2\/product\/12685\/revisions"}],"predecessor-version":[{"id":12691,"href":"https:\/\/www.weingut-isler.de\/index.php?rest_route=\/wp\/v2\/product\/12685\/revisions\/12691"}],"wp:featuredmedia":[{"embeddable":true,"href":"https:\/\/www.weingut-isler.de\/index.php?rest_route=\/wp\/v2\/media\/12696"}],"wp:attachment":[{"href":"https:\/\/www.weingut-isler.de\/index.php?rest_route=%2Fwp%2Fv2%2Fmedia&parent=12685"}],"wp:term":[{"taxonomy":"product_brand","embeddable":true,"href":"https:\/\/www.weingut-isler.de\/index.php?rest_route=%2Fwp%2Fv2%2Fproduct_brand&post=12685"},{"taxonomy":"product_cat","embeddable":true,"href":"https:\/\/www.weingut-isler.de\/index.php?rest_route=%2Fwp%2Fv2%2Fproduct_cat&post=12685"},{"taxonomy":"product_tag","embeddable":true,"href":"https:\/\/www.weingut-isler.de\/index.php?rest_route=%2Fwp%2Fv2%2Fproduct_tag&post=12685"}],"curies":[{"name":"wp","href":"https:\/\/api.w.org\/{rel}","templated":true}]}}