{"id":2723,"date":"2021-01-25T16:26:32","date_gmt":"2021-01-25T15:26:32","guid":{"rendered":"https:\/\/www.weingut-isler.de\/?post_type=product&#038;p=2723"},"modified":"2025-04-17T13:15:46","modified_gmt":"2025-04-17T11:15:46","slug":"nr-53-weisser-burgunder-sekt-brut","status":"publish","type":"product","link":"https:\/\/www.weingut-isler.de\/?product=nr-53-weisser-burgunder-sekt-brut","title":{"rendered":"Nr. 53 Pinot Sekt &#8211; brut"},"content":{"rendered":"\t\t<div data-elementor-type=\"product-post\" data-elementor-id=\"2723\" class=\"elementor elementor-2723\" data-elementor-post-type=\"product\">\n\t\t\t\t\t\t<section class=\"elementor-section elementor-top-section elementor-element elementor-element-24bcaf4d elementor-section-boxed elementor-section-height-default elementor-section-height-default\" data-id=\"24bcaf4d\" data-element_type=\"section\" data-e-type=\"section\">\n\t\t\t\t\t\t<div class=\"elementor-container elementor-column-gap-default\">\n\t\t\t\t\t<div class=\"elementor-column elementor-col-100 elementor-top-column elementor-element elementor-element-31f9deab\" data-id=\"31f9deab\" data-element_type=\"column\" data-e-type=\"column\">\n\t\t\t<div class=\"elementor-widget-wrap elementor-element-populated\">\n\t\t\t\t\t\t<div class=\"elementor-element elementor-element-40c40584 elementor-widget elementor-widget-text-editor\" data-id=\"40c40584\" data-element_type=\"widget\" data-e-type=\"widget\" data-widget_type=\"text-editor.default\">\n\t\t\t\t<div class=\"elementor-widget-container\">\n\t\t\t\t\t\t\t\t\t<h4><strong>Cuv\u00e9e aus Wei\u00dfburgunder und Sp\u00e4tburgunder<\/strong><\/h4><p><strong>Alkoholgehalt (% Vol.):<\/strong> \u00a0 \u00a0 12,0<\/p><p><strong>Rests\u00fc\u00dfe (g\/l): \u00a0<\/strong>\u00a0 \u00a0 \u00a0 \u00a0 \u00a0 \u00a0 \u00a0 \u00a0 \u00a0 8,9<\/p><p><strong>S\u00e4ure (g\/l):<\/strong>\u00a0 \u00a0 \u00a0 \u00a0 \u00a0 \u00a0 \u00a0 \u00a0 \u00a0 \u00a0 \u00a0 \u00a0 \u00a0 \u00a04,9<\/p><p><strong>Geschmack: \u00a0<\/strong>\u00a0 \u00a0 \u00a0 \u00a0 \u00a0 \u00a0 \u00a0 \u00a0 \u00a0 \u00a0 \u00a0 \u00a0feine trockene Champagnerart<\/p><p><strong>Trinktemperatur:<\/strong> \u00a0 \u00a0 \u00a0 \u00a0 \u00a0 \u00a0 \u00a0 \u00a0 \u00a05\u00b0 &#8211; 7 \u00b0<\/p><p><strong>Preis pro Liter: \u00a0<\/strong>\u00a0 \u00a0 \u00a0 \u00a0 \u00a0 \u00a0 \u00a0 \u00a0 \u00a0 \u00a0 16,13 \u20ac<\/p>\t\t\t\t\t\t\t\t<\/div>\n\t\t\t\t<\/div>\n\t\t\t\t\t<\/div>\n\t\t<\/div>\n\t\t\t\t\t<\/div>\n\t\t<\/section>\n\t\t\t\t<\/div>\n\t\t","protected":false},"excerpt":{"rendered":"<p>Cuv\u00e9e aus Wei\u00dfburgunder und Sp\u00e4tburgunder Alkoholgehalt (% Vol.): \u00a0 \u00a0 12,0 Rests\u00fc\u00dfe (g\/l): \u00a0\u00a0 \u00a0 \u00a0 \u00a0 \u00a0 \u00a0 \u00a0 \u00a0 \u00a0 8,9 S\u00e4ure (g\/l):\u00a0 \u00a0 \u00a0 \u00a0 \u00a0 \u00a0 \u00a0 \u00a0 \u00a0 \u00a0 \u00a0 \u00a0 \u00a0 \u00a04,9 Geschmack: \u00a0\u00a0 \u00a0 \u00a0 \u00a0 \u00a0 \u00a0 \u00a0 \u00a0 \u00a0 \u00a0 \u00a0 \u00a0feine trockene Champagnerart Trinktemperatur: \u00a0 [&hellip;]<\/p>\n","protected":false},"featured_media":10998,"template":"","meta":[],"product_brand":[],"product_cat":[62],"product_tag":[],"class_list":{"0":"post-2723","1":"product","2":"type-product","3":"status-publish","4":"has-post-thumbnail","6":"product_cat-prickelndes","8":"first","9":"instock","10":"taxable","11":"shipping-taxable","12":"purchasable","13":"product-type-simple"},"_links":{"self":[{"href":"https:\/\/www.weingut-isler.de\/index.php?rest_route=\/wp\/v2\/product\/2723","targetHints":{"allow":["GET"]}}],"collection":[{"href":"https:\/\/www.weingut-isler.de\/index.php?rest_route=\/wp\/v2\/product"}],"about":[{"href":"https:\/\/www.weingut-isler.de\/index.php?rest_route=\/wp\/v2\/types\/product"}],"version-history":[{"count":39,"href":"https:\/\/www.weingut-isler.de\/index.php?rest_route=\/wp\/v2\/product\/2723\/revisions"}],"predecessor-version":[{"id":10999,"href":"https:\/\/www.weingut-isler.de\/index.php?rest_route=\/wp\/v2\/product\/2723\/revisions\/10999"}],"wp:featuredmedia":[{"embeddable":true,"href":"https:\/\/www.weingut-isler.de\/index.php?rest_route=\/wp\/v2\/media\/10998"}],"wp:attachment":[{"href":"https:\/\/www.weingut-isler.de\/index.php?rest_route=%2Fwp%2Fv2%2Fmedia&parent=2723"}],"wp:term":[{"taxonomy":"product_brand","embeddable":true,"href":"https:\/\/www.weingut-isler.de\/index.php?rest_route=%2Fwp%2Fv2%2Fproduct_brand&post=2723"},{"taxonomy":"product_cat","embeddable":true,"href":"https:\/\/www.weingut-isler.de\/index.php?rest_route=%2Fwp%2Fv2%2Fproduct_cat&post=2723"},{"taxonomy":"product_tag","embeddable":true,"href":"https:\/\/www.weingut-isler.de\/index.php?rest_route=%2Fwp%2Fv2%2Fproduct_tag&post=2723"}],"curies":[{"name":"wp","href":"https:\/\/api.w.org\/{rel}","templated":true}]}}