{"id":2924,"date":"2021-01-26T16:31:13","date_gmt":"2021-01-26T15:31:13","guid":{"rendered":"https:\/\/www.weingut-isler.de\/?post_type=product&#038;p=2924"},"modified":"2023-11-24T11:54:27","modified_gmt":"2023-11-24T10:54:27","slug":"nr-601-dry-gin","status":"publish","type":"product","link":"https:\/\/www.weingut-isler.de\/?product=nr-601-dry-gin","title":{"rendered":"Nr. 601 Dry Gin"},"content":{"rendered":"\t\t<div data-elementor-type=\"product-post\" data-elementor-id=\"2924\" class=\"elementor elementor-2924\" data-elementor-post-type=\"product\">\n\t\t\t\t\t\t<section class=\"elementor-section elementor-top-section elementor-element elementor-element-24bcaf4d elementor-section-boxed elementor-section-height-default elementor-section-height-default\" data-id=\"24bcaf4d\" data-element_type=\"section\" data-e-type=\"section\">\n\t\t\t\t\t\t<div class=\"elementor-container elementor-column-gap-default\">\n\t\t\t\t\t<div class=\"elementor-column elementor-col-100 elementor-top-column elementor-element elementor-element-31f9deab\" data-id=\"31f9deab\" data-element_type=\"column\" data-e-type=\"column\">\n\t\t\t<div class=\"elementor-widget-wrap elementor-element-populated\">\n\t\t\t\t\t\t<div class=\"elementor-element elementor-element-40c40584 elementor-widget elementor-widget-text-editor\" data-id=\"40c40584\" data-element_type=\"widget\" data-e-type=\"widget\" data-widget_type=\"text-editor.default\">\n\t\t\t\t<div class=\"elementor-widget-container\">\n\t\t\t\t\t\t\t\t\t<p><b>Original Palatinus<\/b><\/p><p><strong>Dry Gin\u00a0<\/strong><strong style=\"color: var( --e-global-color-text )\">46 % Vol.<\/strong><\/p><p><strong style=\"color: var( --e-global-color-text )\">14 Botanicals, unfiltriert<\/strong><\/p><p>Aus frischen Wacholderbeeren und 14 weiteren Kr\u00e4utern und Essenzen sogenannte Botanicals destilliert.Zitrusfr\u00fcchte, Lavendel, Koriander, Angelikawurzel und Ingwer verleihen diesem Gin neben weiteren handverlesenen Zutaten sein w\u00fcrzig fruchtiges Bukett und seine Komplexit\u00e4t.<\/p><p>Pur, f\u00fcr Cocktails oder mit Tonic &#8211; die neue Klasse f\u00fcr GIN<\/p><p>von der Destillerie Thomas Sippel<\/p><p><strong>Inhalt: 0,5 Liter<\/strong><\/p><p><strong style=\"color: var( --e-global-color-text )\">Pr<\/strong><strong style=\"color: var( --e-global-color-text )\">eis<\/strong><strong style=\"color: var( --e-global-color-text )\">\u00a0p<\/strong><strong style=\"color: var( --e-global-color-text )\">ro Liter: \u00a0<\/strong><span style=\"color: var( --e-global-color-text )\">\u00a0 \u00a0 \u00a0 \u00a0 \u00a0 \u00a0 \u00a0 \u00a0 \u00a0 \u00a064,00 \u20ac<\/span><\/p>\t\t\t\t\t\t\t\t<\/div>\n\t\t\t\t<\/div>\n\t\t\t\t\t<\/div>\n\t\t<\/div>\n\t\t\t\t\t<\/div>\n\t\t<\/section>\n\t\t\t\t<\/div>\n\t\t","protected":false},"excerpt":{"rendered":"<p>Original Palatinus Dry Gin\u00a046 % Vol. 14 Botanicals, unfiltriert Aus frischen Wacholderbeeren und 14 weiteren Kr\u00e4utern und Essenzen sogenannte Botanicals destilliert.Zitrusfr\u00fcchte, Lavendel, Koriander, Angelikawurzel und Ingwer verleihen diesem Gin neben weiteren handverlesenen Zutaten sein w\u00fcrzig fruchtiges Bukett und seine Komplexit\u00e4t. Pur, f\u00fcr Cocktails oder mit Tonic &#8211; die neue Klasse f\u00fcr GIN von der Destillerie [&hellip;]<\/p>\n","protected":false},"featured_media":8426,"template":"","meta":[],"product_brand":[],"product_cat":[65],"product_tag":[],"class_list":{"0":"post-2924","1":"product","2":"type-product","3":"status-publish","4":"has-post-thumbnail","6":"product_cat-hochprozentiges","8":"first","9":"instock","10":"taxable","11":"shipping-taxable","12":"purchasable","13":"product-type-simple"},"_links":{"self":[{"href":"https:\/\/www.weingut-isler.de\/index.php?rest_route=\/wp\/v2\/product\/2924","targetHints":{"allow":["GET"]}}],"collection":[{"href":"https:\/\/www.weingut-isler.de\/index.php?rest_route=\/wp\/v2\/product"}],"about":[{"href":"https:\/\/www.weingut-isler.de\/index.php?rest_route=\/wp\/v2\/types\/product"}],"version-history":[{"count":9,"href":"https:\/\/www.weingut-isler.de\/index.php?rest_route=\/wp\/v2\/product\/2924\/revisions"}],"predecessor-version":[{"id":8440,"href":"https:\/\/www.weingut-isler.de\/index.php?rest_route=\/wp\/v2\/product\/2924\/revisions\/8440"}],"wp:featuredmedia":[{"embeddable":true,"href":"https:\/\/www.weingut-isler.de\/index.php?rest_route=\/wp\/v2\/media\/8426"}],"wp:attachment":[{"href":"https:\/\/www.weingut-isler.de\/index.php?rest_route=%2Fwp%2Fv2%2Fmedia&parent=2924"}],"wp:term":[{"taxonomy":"product_brand","embeddable":true,"href":"https:\/\/www.weingut-isler.de\/index.php?rest_route=%2Fwp%2Fv2%2Fproduct_brand&post=2924"},{"taxonomy":"product_cat","embeddable":true,"href":"https:\/\/www.weingut-isler.de\/index.php?rest_route=%2Fwp%2Fv2%2Fproduct_cat&post=2924"},{"taxonomy":"product_tag","embeddable":true,"href":"https:\/\/www.weingut-isler.de\/index.php?rest_route=%2Fwp%2Fv2%2Fproduct_tag&post=2924"}],"curies":[{"name":"wp","href":"https:\/\/api.w.org\/{rel}","templated":true}]}}